{"id":10672,"date":"2024-03-27T17:07:46","date_gmt":"2024-03-27T10:07:46","guid":{"rendered":"https:\/\/b2c.fairs.vn\/?post_type=product&#038;p=10672"},"modified":"2024-04-19T13:26:37","modified_gmt":"2024-04-19T06:26:37","slug":"cha-ca-that-lat-tam-gia-vi-goi-500g","status":"publish","type":"product","link":"https:\/\/b2c.fairs.vn\/en\/product\/cha-ca-that-lat-tam-gia-vi-goi-500g\/","title":{"rendered":"Ch\u1ea3 c\u00e1 Th\u00e1t L\u00e1t t\u1ea9m gia v\u1ecb g\u00f3i 500G"},"content":{"rendered":"<p><strong>Ch\u1ea3 c\u00e1 Th\u00e1t L\u00e1t t\u1ea9m gia v\u1ecb &#8211; T\u00e2n H\u1eadu Giang, 100% c\u00e1 Th\u00e1t L\u00e1t nguy\u00ean ch\u1ea5t,<\/strong>\u00a0kh\u00f4ng pha tr\u1ed9n th\u1ecbt c\u00e1 kh\u00e1c, kh\u00f4ng ch\u1ea5t b\u1ea3o qu\u1ea3n, kh\u00f4ng h\u00e0n the v\u00ec m\u1ee5c ti\u00eau An to\u00e0n s\u1ee9c kh\u1ecfe ng\u01b0\u1eddi ti\u00eau d\u00f9ng. Ngu\u1ed3n nguy\u00ean li\u1ec7u t\u01b0\u01a1i m\u1edbi, s\u1ea3n xu\u1ea5t theo ti\u00eau chu\u1ea9n HACCP, tr\u1ecdn v\u1ecb s\u1ef1 t\u01b0\u01a1i ngon \u0111\u1ebfn ng\u01b0\u1eddi ti\u00eau d\u00f9ng.<\/p>\n<p>\u0110\u1ed3ng b\u1eb1ng S\u00f4ng C\u1eedu Long c\u00f3 l\u01b0\u1ee3ng c\u00e1 th\u00e1t l\u00e1t nhi\u1ec1u nh\u1ea5t c\u1ea3 n\u01b0\u1edbc (k\u1ec3 c\u1ea3 c\u00e1 t\u1ef1 nhi\u00ean v\u00e0 c\u00e1 nu\u00f4i), \u0111\u1eb7c bi\u1ec7t l\u00e0\u00a0<strong>c\u00e1 Th\u00e1t L\u00e1t t\u1ea1i H\u1eadu Giang c\u00f3 t\u1ec9 l\u1ec7 \u0111\u1ed9 \u0111\u1ea1m Protein trong th\u1ecbt c\u00e1 s\u1ebd cao h\u01a1n c\u00e1c v\u00f9ng nu\u00f4i kh\u00e1c kho\u1ea3ng 3%<\/strong>\u00a0(K\u1ebft qu\u1ea3 nghi\u00ean c\u1ee9u c\u1ee7a B\u1ed9 m\u00f4n c\u00f4ng ngh\u1ec7 th\u1ef1c ph\u1ea9m \u2013Tr\u01b0\u1eddng \u0110\u1ea1i h\u1ecdc C\u1ea7n Th\u01a1). V\u00ec v\u1eady, c\u00f3 th\u1ec3 n\u00f3i c\u00e1 th\u00e1t l\u00e1t H\u1eadu Giang c\u00f3 t\u00ednh \u0111\u1eb7c tr\u01b0ng ri\u00eang, ngon v\u00e0 gi\u00e0u dinh d\u01b0\u1ee1ng nh\u1ea5t trong c\u1ea3 n\u01b0\u1edbc.<\/p>\n<p><strong>C\u00e1 Th\u00e1t L\u00e1t l\u00e0 \u0111\u1eb7c s\u1ea3n t\u1ec9nh H\u1eadu Giang,<\/strong>\u00a0th\u1ecbt c\u00f3 \u0111\u1ed9 ngon v\u00e0 nhi\u1ec1u protein h\u01a1n c\u00e1c v\u00f9ng nu\u00f4i kh\u00e1c n\u00ean th\u1ecbt c\u00e1 l\u00e0m ch\u1ea3 c\u0169ng \u0111\u1eb7c bi\u1ec7t th\u01a1m ngon, v\u1edbi c\u00f4ng th\u1ee9c ch\u1ebf bi\u1ebfn \u0111\u1eb7t bi\u1ec7t c\u1ee7a T\u00e2n H\u1eadu Giang Ch\u1ea3 c\u00e1 Th\u00e1t L\u00e1t r\u00fat x\u01b0\u01a1ng t\u1ea9m gia v\u1ecb, th\u1ecbt c\u00e1 c\u00f3 \u0111\u1ed9 dai gi\u00f2n t\u1ef1 nhi\u00ean. S\u1ea3n ph\u1ea9m \u0111\u00e3 \u01b0\u1edbp gia v\u1ecb s\u1eb5n, ti\u1ec7n l\u1ee3i, ti\u1ebft ki\u1ec7m th\u1eddi gian cho ng\u01b0\u1eddi n\u1ed9i ch\u1ee3, s\u1ea3n ph\u1ea9m s\u1eb5n s\u00e0ng \u0111\u1ec3 n\u1ea5u, ch\u1ebf bi\u1ebfn th\u00e0nh nhi\u1ec1u m\u00f3n \u0103n ngon t\u00f9y th\u00edch nh\u01b0: chi\u00ean, n\u01b0\u1edbng,\u2026 ngon h\u01a1n khi \u0103n n\u00f3ng, \u0103n k\u00e8m rau s\u1ed1ng v\u00e0 t\u01b0\u01a1ng \u1edbt\/n\u01b0\u1edbc ch\u1ea5m.<\/p>\n<p><strong>DINH D\u01af\u1ee0NG C\u00c1 TH\u00c1T L\u00c1T<\/strong><\/p>\n<p>Th\u00e1t l\u00e1t \u0111\u01b0\u1ee3c x\u1ebfp v\u00e0o lo\u1ea1i c\u00e1 b\u00e9o, 100g th\u1ecbt c\u00e1 g\u1ed3m:<\/p>\n<ul>\n<li>Ch\u1ea5t b\u00e9o 11,3g (2,8g axit b\u00e9o b\u00e3o ho\u00e0, 4,8g ch\u01b0a b\u00e3o ho\u00e0 1 n\u1ed1i \u0111\u00f4i v\u00e0 2,8g axit b\u00e9o nhi\u1ec1u n\u1ed1i \u0111\u00f4i).<\/li>\n<li>Ch\u1ea5t \u0111\u1ea1m 15,4g.<\/li>\n<li>Tr\u1ee9ng v\u00e0 th\u1ecbt c\u00e1 Th\u00e1t l\u00e1t ch\u1ee9a l\u01b0\u1ee3ng axit b\u00e9o omega kh\u00e1 cao. T\u1ef7 l\u1ec7 arachidonic axit v\u00e0 eicosapentaenoic axit (EPA) chi\u1ebfm 16,5% v\u00e0 10,6% trong t\u1ed5ng s\u1ed1 l\u01b0\u1ee3ng phospholipid.<\/li>\n<li>L\u01b0\u1ee3ng vitamin A t\u00ednh theo Re (Retinol equivalent) trong c\u00e1 Th\u00e1t l\u00e1t v\u00e0o kho\u1ea3ng 500 &#8211; 1500 Re\/100g th\u1ecbt c\u00e1 t\u01b0\u01a1i.<\/li>\n<\/ul>\n<p>Do \u0111\u00f3 c\u00f3 th\u1ec3 xem c\u00e1 Th\u00e1t l\u00e1t l\u00e0 lo\u00e0i c\u00e1 n\u01b0\u1edbc ng\u1ecdt kh\u00e1 t\u1ed1t cho s\u1ee9c kho\u1ebb, nh\u1ea5t l\u00e0 v\u1ec1 ph\u01b0\u01a1ng di\u1ec7n tim m\u1ea1ch.<\/p>\n<p><strong>M\u00d3N \u0102N B\u00c0I THU\u1ed0C C\u00d9NG C\u00c1 TH\u00c1T L\u00c1T (C\u00d4NG D\u1ee4NG C\u00c1 TH\u00c1T L\u00c1T)<\/strong><\/p>\n<p>C\u00e1 Th\u00e1t L\u00e1t l\u00e0 m\u1ed9t trong nh\u1eefng m\u00f3n \u0111\u1eb7c s\u1ea3n \u0111\u01b0\u1ee3c nhi\u1ec1u ng\u01b0\u1eddi \u01b0a th\u00edch. Th\u1ecbt c\u00e1 d\u1ebbo ch\u1eafc th\u01a1m ngon b\u1ed5. Ch\u1ebf bi\u1ebfn c\u00e1 th\u00e1t l\u00e1t \u0111\u00fang c\u00e1ch kh\u00f4ng ch\u1ec9 t\u0103ng dinh d\u01b0\u1ee1ng c\u00f2n \u0111\u01b0\u1ee3c coi b\u00e0i thu\u1ed1c qu\u00fd ch\u1eefa nhi\u1ec1u b\u1ec7nh hi\u1ec7u qu\u1ea3.<\/p>\n<p>Theo y h\u1ecdc c\u1ed5 truy\u1ec1n c\u00e1 th\u00e1t l\u00e1t c\u00f3 v\u1ecb ng\u1ecdt, t\u00ednh b\u00ecnh, kh\u00f4ng \u0111\u1ed9c, t\u00e1c d\u1ee5ng b\u1ed5 kh\u00ed huy\u1ebft, \u00edch th\u1eadn tr\u00e1ng d\u01b0\u01a1ng, tr\u1eeb phong th\u1ea5p, gi\u1ea3m \u0111au, nhu\u1eadn tr\u01b0\u1eddng&#8230; R\u1ea5t t\u1ed1t v\u1edbi nh\u1eefng ng\u01b0\u1eddi t\u1ef3 h\u01b0 b\u1ee5ng \u0111\u1ea7y, \u0103n ng\u1ee7 k\u00e9m, sinh l\u00fd y\u1ebfu v\u00e0 c\u00e1c ch\u1ee9ng li\u00ean quan t\u1ef3 th\u1eadn kh\u00ed h\u01b0 \u0111\u1ec1u h\u01b0.<\/p>\n<ul>\n<li>Ch\u1eefa \u0111au l\u00e2m r\u00e2m th\u01b0\u1ee3ng v\u1ecb (t\u1ef3 v\u1ecb h\u01b0). D\u00f9ng b\u00e0i Canh c\u00e1 th\u00e1t l\u00e1t b\u1eafp c\u1ea3i: c\u00e1 th\u00e1t l\u00e1t b\u0103m nh\u1ecf, b\u1eafp c\u1ea3i, h\u00e0nh ng\u00f2 gia v\u1ecb v\u1eeba \u0111\u1ee7 n\u1ea5u canh \u0103n.<\/li>\n<li>Ch\u1eefa t\u1ef3 th\u1eadn h\u01b0 m\u00e0 sinh l\u00fd y\u1ebfu. D\u00f9ng b\u00e0i Canh th\u00e1t l\u00e1t hoa thi\u00ean l\u00fd: c\u00e1 th\u00e1t l\u00e1t b\u0103m nh\u1ecf, hoa thi\u00ean l\u00fd, h\u00e0nh, g\u1eebng m\u1eafm mu\u1ed1i gia v\u1ecb v\u1eeba \u0111\u1ee7 n\u1ea5u \u0103n.<\/li>\n<li>Ch\u1eefa ch\u00f3ng m\u1eb7t, \u0103n k\u00e9m. D\u00f9ng b\u00e0i Canh th\u00e1t l\u00e1t n\u1ea5u n\u1ea5m: th\u1ecbt c\u00e1 th\u00e1t l\u00e1t b\u0103m nh\u1ecf, n\u1ea5m h\u01b0\u01a1ng, m\u0103ng kh\u00f4, g\u1eebng h\u00e0nh gia v\u1ecb v\u1eeba \u0111\u1ee7 n\u1ea5u canh \u0103n.<\/li>\n<li>Ch\u1eefa t\u1ef3 \u0103n ng\u1ee7 k\u00e9m, kh\u00f3 l\u00ean c\u00e2n. D\u00f9ng b\u00e0i C\u00e1 th\u00e1t l\u00e1t n\u1ea5u h\u1ea1t sen: c\u00e1 th\u00e1t l\u00e1t, h\u1ea1t sen, n\u1ea5m \u0111\u00f4ng c\u00f4, h\u00e0nh, g\u1eebng m\u1eafm mu\u1ed1i gia v\u1ecb v\u1eeba \u0111\u1ee7. Th\u1ecbt c\u00e1 b\u0103m nhuy\u1ec5n nh\u1ed3i c\u00e1 h\u1ea1t sen v\u00e0o ph\u1ea7n b\u1ee5ng n\u1ea5m sau gia v\u1ecb v\u1eeba \u0111\u1ee7 n\u1ea5u canh \u0103n.<\/li>\n<li>Ch\u1eefa t\u1ef3 h\u01b0 sinh \u0111\u00e0m th\u1ea5p t\u0103ng huy\u1ebft \u00e1p. D\u00f9ng b\u00e0i C\u00e1 th\u00e1t l\u00e1t om rau c\u1ea7n: c\u00e1 th\u00e1t l\u00e1t, rau c\u1ea7n, h\u00e0nh t\u00edm, m\u1eafm, ti\u00eau, mu\u1ed1i, d\u1ea7u \u0103n gia v\u1ecb v\u1eeba \u0111\u1ee7 n\u1ea5u om \u0103n.<\/li>\n<li>Ch\u1eefa v\u00e0ng da, vi\u00eam gan do th\u1ea5p nhi\u1ec7t. D\u00f9ng b\u00e0i Canh kh\u1ed5 qua nh\u1ed3i c\u00e1 th\u00e1t l\u00e1t: c\u00e1 th\u00e1t l\u00e1t b\u0103m nh\u1ecf, kh\u1ed5 qua b\u1ecf ru\u1ed9t, g\u1eebng, h\u00e0nh gia v\u1ecb v\u1eeba \u0111\u1ee7 n\u1ea5u canh \u0103n.<\/li>\n<li>Ch\u1eefa kh\u00ed h\u01b0 nhi\u1ec1u m\u1ed3 h\u00f4i. D\u00f9ng b\u00e0i Canh b\u00f4ng b\u00ed c\u00e1 th\u00e1t l\u00e1t: c\u00e1 th\u00e1t l\u00e1t b\u0103m nh\u1ecf, nh\u1ed3i v\u00e0o b\u00f4ng, b\u00ed gia v\u1ecb v\u1eeba \u0111\u1ee7 n\u1ea5u canh \u0103n.<\/li>\n<li>Ch\u1eefa m\u1eadp ph\u00ec th\u1eeba c\u00e2n, m\u1ec7t m\u1ecfi, l\u01b0\u1eddi v\u1eadn \u0111\u1ed9ng. D\u00f9ng b\u00e0i Canh chua c\u00e1 th\u00e1t l\u00e1t: c\u00e1 th\u00e1t l\u00e1t, c\u00e0 chua, d\u1ee9a, d\u1ecdc m\u00f9ng, gi\u00e1 \u0111\u1eadu, m\u0103ng chua, m\u00f9i t\u00e0u, hoa chu\u1ed1i, rau ng\u1ed5, h\u00e0nh l\u00e1, \u1edbt s\u1eebng, m\u1eafm, gia v\u1ecb v\u1eeba \u0111\u1ee7 n\u1ea5u \u0103n.<\/li>\n<li>Ch\u1eefa s\u1ea3n ph\u1ee5 huy\u1ebft h\u01b0 thi\u1ebfu s\u1eefa \u0103n k\u00e9m. D\u00f9ng b\u00e0i C\u00e1 th\u00e1t l\u00e1t kho ngh\u1ec7: c\u00e1 th\u00e1t l\u00e1t m\u00f3ng gi\u00f2 l\u1ee3n, ngh\u1ec7, h\u00e0nh t\u00edm, \u0111\u01b0\u1eddng, ti\u00eau m\u1eafm gia v\u1ecb v\u1eeba \u0111\u1ee7 kho \u0103n.<\/li>\n<\/ul>","protected":false},"excerpt":{"rendered":"<p>Ch\u1ea3 c\u00e1 Th\u00e1t L\u00e1t t\u1ea9m gia v\u1ecb &#8211; T\u00e2n H\u1eadu Giang, 100% c\u00e1 Th\u00e1t L\u00e1t nguy\u00ean ch\u1ea5t,\u00a0kh\u00f4ng pha tr\u1ed9n th\u1ecbt<\/p>","protected":false},"featured_media":10677,"comment_status":"open","ping_status":"closed","template":"","meta":{"_acf_changed":false},"product_cat":[317,366,367,22,313],"product_tag":[],"class_list":{"0":"post-10672","1":"product","2":"type-product","3":"status-publish","4":"has-post-thumbnail","6":"product_cat-che-bien-tu-thit-trung-sua-thuy-san-cac-san-pham-tu-mat-ong-mat-khac-va-nong-san-thuc-pham-khac","7":"product_cat-hang-cnnt-cap-qg","8":"product_cat-hang-cnnt-cap-qg-2023","9":"product_cat-sanphamthucpham","10":"product_cat-thuc-pham-che-bien","12":"first","13":"instock","14":"shipping-taxable","15":"purchasable","16":"product-type-simple"},"acf":[],"_links":{"self":[{"href":"https:\/\/b2c.fairs.vn\/en\/wp-json\/wp\/v2\/product\/10672","targetHints":{"allow":["GET"]}}],"collection":[{"href":"https:\/\/b2c.fairs.vn\/en\/wp-json\/wp\/v2\/product"}],"about":[{"href":"https:\/\/b2c.fairs.vn\/en\/wp-json\/wp\/v2\/types\/product"}],"replies":[{"embeddable":true,"href":"https:\/\/b2c.fairs.vn\/en\/wp-json\/wp\/v2\/comments?post=10672"}],"version-history":[{"count":0,"href":"https:\/\/b2c.fairs.vn\/en\/wp-json\/wp\/v2\/product\/10672\/revisions"}],"wp:featuredmedia":[{"embeddable":true,"href":"https:\/\/b2c.fairs.vn\/en\/wp-json\/wp\/v2\/media\/10677"}],"wp:attachment":[{"href":"https:\/\/b2c.fairs.vn\/en\/wp-json\/wp\/v2\/media?parent=10672"}],"wp:term":[{"taxonomy":"product_cat","embeddable":true,"href":"https:\/\/b2c.fairs.vn\/en\/wp-json\/wp\/v2\/product_cat?post=10672"},{"taxonomy":"product_tag","embeddable":true,"href":"https:\/\/b2c.fairs.vn\/en\/wp-json\/wp\/v2\/product_tag?post=10672"}],"curies":[{"name":"wp","href":"https:\/\/api.w.org\/{rel}","templated":true}]}}