{"id":10644,"date":"2024-03-27T17:03:00","date_gmt":"2024-03-27T10:03:00","guid":{"rendered":"https:\/\/b2c.fairs.vn\/?post_type=product&#038;p=10644"},"modified":"2024-04-17T17:00:46","modified_gmt":"2024-04-17T10:00:46","slug":"banh-trang-cuon-gao-lut-20-cai","status":"publish","type":"product","link":"https:\/\/b2c.fairs.vn\/en\/product\/banh-trang-cuon-gao-lut-20-cai\/","title":{"rendered":"B\u00e1nh tr\u00e1ng cu\u1ed1n g\u1ea1o l\u1ee9t 20 c\u00e1i"},"content":{"rendered":"<p>B\u00e1nh tr\u00e1ng cu\u1ed1n g\u1ea1o l\u1ee9t<\/p>\n<p>Xa\u0303 h\u00f4\u0323i nga\u0300y ca\u0300ng pha\u0301t tri\u00ea\u0309n, nhu c\u00e2\u0300u va\u0300 thi\u0323 hi\u00ea\u0301u cu\u0309a ng\u01b0\u01a1\u0300i ti\u00eau du\u0300ng cu\u0303ng cao l\u00ean, \u0111o\u0300i ho\u0309i nh\u01b0\u0303ng sa\u0309n ph\u00e2\u0309m truy\u00ea\u0300n th\u00f4\u0301ng pha\u0309i co\u0301 s\u01b0\u0323 thay \u0111\u00f4\u0309i \u0111\u00ea\u0309 \u0111a\u0301p \u01b0\u0301ng \u0111\u01b0\u01a1\u0323c nhu c\u1ea7u \u0111\u00f3. Kh\u00f4ng ph\u1ea3i chi\u0309 \u0111\u01a1n thu\u00e2\u0300n la\u0300 ngon, ch\u00e2\u0301t l\u01b0\u01a1\u0323ng, ma\u0300 co\u0300n pha\u0309i \u0111e\u0323p m\u0103\u0301t, h\u00e2\u0301p d\u00e2\u0303n, mang t\u00ednh m\u1edbi l\u1ea1 s\u00e1ng t\u1ea1o thi\u0300 m\u01a1\u0301i \u0111\u01b0\u01a1\u0323c nhi\u00ea\u0300u ng\u01b0\u01a1\u0300i \u01b0a chu\u00f4\u0323ng. N\u0103\u0301m b\u0103\u0301t \u0111\u01b0\u01a1\u0323c xu h\u01b0\u01a1\u0301ng m\u01a1\u0301i, B\u00e1nh tr\u00e1ng Sachi \u0111a\u0303 v\u00e0 \u0111ang cung c\u1ea5p b\u00e1nh tr\u00e1ng cu\u1ed1n g\u1ea1o l\u1ee9t mang h\u01b0\u01a1ng v\u1ecb m\u1edbi l\u1ea1 m\u01a1\u0301i la\u0323 va\u0300 \u0111e\u0323p m\u0103\u0301t la\u0300 s\u01b0\u0323 giao thoa gi\u01b0\u0303a vi\u00ea\u0323c ti\u00ea\u0301p n\u00f4\u0301i ca\u0301c gia\u0301 tri\u0323 truy\u00ea\u0300n th\u00f4\u0301ng v\u01a1\u0301i s\u01b0\u0323 sa\u0301ng ta\u0323o, \u0111\u00e2\u0300y ma\u0300u s\u0103\u0301c cu\u0309a hi\u00ea\u0323n \u0111a\u0323i.<\/p>\n<p>B\u00e1nh tr\u00e1ng cu\u1ed1n g\u1ea1o l\u1ee9t \u0111\u01b0\u1ee3c pha tr\u1ed9n th\u00e0nh ph\u1ea7n b\u1ed9t m\u00ec, b\u1ed9t g\u1ea1o, th\u00eam ph\u1ea7n g\u1ea1o l\u1ee9t th\u1eadt tinh t\u1ebf, b\u00e1nh kh\u00f4ng qu\u00e1 d\u00e0y nh\u01b0ng v\u1eabn \u0111\u1eadm \u0111\u00e0 khi \u0103n. L\u1edbp b\u00e1nh tr\u00e1ng m\u1ec1m d\u1ebbo bao b\u1ecdc l\u1ea5y ph\u1ea7n nh\u00e2n b\u00ean trong t\u1ea1o n\u00ean h\u01b0\u01a1ng v\u1ecb thanh m\u00e1t, gi\u00fap b\u1eefa \u0103n gia \u0111\u00ecnh th\u00eam phong ph\u00fa.<\/p>\n<p>Qu\u00e1 tr\u00ecnh s\u1ea3n xu\u1ea5t b\u00e1nh tr\u00e1ng cu\u1ed1n g\u1ea1o l\u1ee9t \u0111\u1ea3m b\u1ea3o v\u1ec7 sinh, kh\u00f4ng s\u1eed d\u1ee5ng ch\u1ea5t ph\u1ee5 gia, ch\u1ea5t b\u1ea3o qu\u1ea3n hay c\u00e1c th\u00e0nh ph\u1ea7n g\u00e2y h\u1ea1i cho s\u1ee9c kh\u1ecfe. B\u00e1nh tr\u00e1ng cu\u1ed1n g\u1ea1o l\u1ee9t v\u1edbi nguy\u00ean li\u1ec7u b\u1ed9t m\u00ec, b\u1ed9t g\u1ea1o, g\u1ea1o l\u1ee9t ch\u1ecdn l\u1ecdc cho h\u01b0\u01a1ng th\u01a1m ng\u1ecdt \u0111\u1eb7c tr\u01b0ng c\u1ee7a g\u1ea1o l\u1ee9t. C\u00f3 nhi\u1ec1u c\u1ee1 kh\u00e1c nhau, mua theo nhu c\u1ea7u cu\u1ed1n g\u1ecfi c\u1ee7a m\u1ecdi nh\u00e0 v\u00e0 d\u00f9ng ngay m\u00e0 kh\u00f4ng c\u1ea7n c\u1eaft nh\u1ecf.<\/p>\n<p>V\u01a1\u0301i nguy\u00ean li\u00ea\u0323u chi\u0301nh la\u0300 ga\u0323o l\u01b0\u0301t huy\u00ea\u0301t r\u00f4\u0300ng, B\u00e1nh tr\u00e1ng Sachi cung c\u1ea5p cho kh\u00e1ch h\u00e0ng th\u1ea5y m\u00f4\u0323t di\u00ea\u0323n ma\u0323o m\u01a1\u0301i cho ba\u0301nh tra\u0301ng truy\u00ea\u0300n th\u00f4\u0301ng. Ga\u0323o l\u01b0\u0301t huy\u00ea\u0301t r\u00f4\u0300ng la\u0300 loa\u0323i ga\u0323o \u0111\u01b0\u01a1\u0323c tr\u00f4\u0300ng \u01a1\u0309 vu\u0300ng n\u01b0\u01a1\u0301c ng\u00e2\u0323p s\u00e2u, ha\u0323t lu\u0301a m\u00e2\u0309y, co\u0301 ma\u0300u \u0111o\u0309 n\u00e2u, khi n\u00e2\u0301u l\u00ean thi\u0300 co\u0301 mu\u0300i th\u01a1m ng\u00e2\u0323y, ca\u0300ng nhai ca\u0300ng co\u0301 vi\u0323 ngo\u0323t bu\u0300i be\u0301o ng\u00e2\u0323y. \u0110\u00e2y la\u0300 loa\u0323i ga\u0323o co\u0301 gia\u0301 dinh d\u01b0\u01a1\u0303ng cao, la\u0300 ngu\u00f4\u0300n cung c\u00e2\u0301p ca\u0301c loa\u0323i ch\u00e2\u0301t be\u0301o, ch\u00e2\u0301t x\u01a1, ca\u0301c loa\u0323i vitamin B1, B2, B3, B5,\u2026.t\u01b0\u0323 nhi\u00ean r\u00e2\u0301t t\u00f4\u0301t cho c\u01a1 th\u00ea\u0309.<\/p>\n<p>Nh\u01b0\u0303ng chi\u00ea\u0301c ba\u0301nh tra\u0301ng \u0111\u01b0\u01a1\u0323c la\u0300m t\u01b0\u0300 ga\u0323o l\u01b0\u0301t huy\u00ea\u0301t r\u00f4\u0300ng co\u0301 ma\u0300u n\u00e2u nha\u0323t v\u00f4 cu\u0300ng thu hu\u0301t va\u0300 la\u0323 m\u0103\u0301t. Ch\u0103\u0301c ch\u0103\u0301n se\u0303 khi\u00ea\u0301n ba\u0323n \u00e2\u0301n t\u01b0\u01a1\u0323ng ngay l\u00e2\u0300n \u0111\u00e2\u0300u nhi\u0300n th\u00e2\u0301y. \u0110\u01b0\u01a1\u0323c la\u0300m b\u01a1\u0309i nh\u01b0\u0303ng ng\u01b0\u01a1\u0300i th\u01a1\u0323 la\u0300nh ngh\u00ea\u0300 va\u0300 da\u0300y d\u0103\u0323n kinh nghi\u00ea\u0323m, ba\u0301nh tra\u0301ng n\u00e2u tro\u0300n \u0111\u00ea\u0300u, mi\u0323n, th\u01a1m mu\u0300i \u0111\u0103\u0323c tr\u01b0ng cu\u0309a ga\u0323o l\u01b0\u0301t. D\u00f9ng \u0111\u1ec3 \u0103n tr\u1ef1c ti\u1ebfp trong c\u00e1c m\u00f3n g\u1ecfi cu\u1ed1n. C\u00e1c b\u1ea1n c\u00f2n c\u00f3 th\u1ec3 l\u00e0m v\u1ecf b\u00e1nh ch\u1ea3 gi\u00f2, khi chi\u00ean s\u1ebd c\u00f3 \u0111\u1ed9 gi\u00f2n c\u00f9ng m\u00e0u v\u00e0ng n\u00e2u h\u1ea5p d\u1eabn.<\/p>\n<p>\u0110\u0103\u0323c bi\u00ea\u0323t, ba\u0301nh tra\u0301ng ga\u0323o l\u01b0\u0301t huy\u00ea\u0301t r\u00f4\u0300ng \u0111a\u0323t \u0111\u01b0\u01a1\u0323c \u0111\u00f4\u0323 de\u0309o nh\u00e2\u0301t \u0111i\u0323nh, khi cu\u00f4\u0301n kh\u00f4ng bi\u0323 ra\u0301ch, ga\u0303y gio\u0300n hay g\u00e2\u0301p n\u00ea\u0301p nh\u01b0 nh\u01b0\u0303ng loa\u0323i ba\u0301nh tra\u0301ng kha\u0301c. Gi\u01b0\u0303 cho nh\u00e2n \u01a1\u0309 b\u00ean trong \u0111\u01b0\u01a1\u0323c cu\u00f4\u0301n tha\u0300nh t\u01b0\u0300ng cu\u00f4\u0323n, v\u01b0\u0300a \u0111\u00f4\u0323c \u0111a\u0301o, la\u0323 m\u0103\u0301t nh\u01b0\u0303ng la\u0323i r\u00e2\u0301t h\u00e2\u0301p d\u00e2\u0303n, nhi\u0300n chi\u0309 mu\u00f4\u0301n \u0103n ngay th\u00f4i.<\/p>","protected":false},"excerpt":{"rendered":"<p>B\u00e1nh tr\u00e1ng cu\u1ed1n g\u1ea1o l\u1ee9t Xa\u0303 h\u00f4\u0323i nga\u0300y ca\u0300ng pha\u0301t tri\u00ea\u0309n, nhu c\u00e2\u0300u va\u0300 thi\u0323 hi\u00ea\u0301u cu\u0309a ng\u01b0\u01a1\u0300i ti\u00eau du\u0300ng<\/p>","protected":false},"featured_media":10651,"comment_status":"open","ping_status":"closed","template":"","meta":{"_acf_changed":false},"product_cat":[315,366,367,22,313],"product_tag":[],"class_list":{"0":"post-10644","1":"product","2":"type-product","3":"status-publish","4":"has-post-thumbnail","6":"product_cat-che-bien-tu-gao-ngu-coc","7":"product_cat-hang-cnnt-cap-qg","8":"product_cat-hang-cnnt-cap-qg-2023","9":"product_cat-sanphamthucpham","10":"product_cat-thuc-pham-che-bien","12":"first","13":"instock","14":"shipping-taxable","15":"purchasable","16":"product-type-simple"},"acf":[],"_links":{"self":[{"href":"https:\/\/b2c.fairs.vn\/en\/wp-json\/wp\/v2\/product\/10644","targetHints":{"allow":["GET"]}}],"collection":[{"href":"https:\/\/b2c.fairs.vn\/en\/wp-json\/wp\/v2\/product"}],"about":[{"href":"https:\/\/b2c.fairs.vn\/en\/wp-json\/wp\/v2\/types\/product"}],"replies":[{"embeddable":true,"href":"https:\/\/b2c.fairs.vn\/en\/wp-json\/wp\/v2\/comments?post=10644"}],"version-history":[{"count":0,"href":"https:\/\/b2c.fairs.vn\/en\/wp-json\/wp\/v2\/product\/10644\/revisions"}],"wp:featuredmedia":[{"embeddable":true,"href":"https:\/\/b2c.fairs.vn\/en\/wp-json\/wp\/v2\/media\/10651"}],"wp:attachment":[{"href":"https:\/\/b2c.fairs.vn\/en\/wp-json\/wp\/v2\/media?parent=10644"}],"wp:term":[{"taxonomy":"product_cat","embeddable":true,"href":"https:\/\/b2c.fairs.vn\/en\/wp-json\/wp\/v2\/product_cat?post=10644"},{"taxonomy":"product_tag","embeddable":true,"href":"https:\/\/b2c.fairs.vn\/en\/wp-json\/wp\/v2\/product_tag?post=10644"}],"curies":[{"name":"wp","href":"https:\/\/api.w.org\/{rel}","templated":true}]}}