{"id":10614,"date":"2024-03-27T16:54:19","date_gmt":"2024-03-27T09:54:19","guid":{"rendered":"https:\/\/b2c.fairs.vn\/?post_type=product&#038;p=10614"},"modified":"2024-04-19T13:22:08","modified_gmt":"2024-04-19T06:22:08","slug":"bun-tuoi-huynh-duc-500g","status":"publish","type":"product","link":"https:\/\/b2c.fairs.vn\/en\/product\/bun-tuoi-huynh-duc-500g\/","title":{"rendered":"B\u00fan T\u01b0\u01a1i Hu\u1ef3nh \u0110\u1ee9c 500g"},"content":{"rendered":"<div class=\"p-single-desrc\">\n<h3 class=\"p-single-desrc__title\">H\u01b0\u1edbng d\u1eabn s\u1eed d\u1ee5ng<\/h3>\n<div class=\"p-single-desrc__wrap\">\u0102n tr\u1ef1c ti\u1ebfp ho\u1eb7c d\u00f9ng k\u00e8m c\u00e1c m\u00f3n \u0103n t\u00f9y th\u00edch \u1edf nhi\u1ec7t \u0111\u1ed9 22 \u0111\u1ed9 C &#8211; 27 \u0111\u1ed9 C \u1ede nhi\u1ec7t \u0111\u1ed9 t\u1eeb 1 \u0111\u1ed9 C \u0111\u1ebfn 5 \u0111\u1ed9 C h\u1ea5p c\u00e1ch th\u1ee7y ho\u1eb7c lu\u1ed9c l\u1ea1i v\u1edbi n\u01b0\u1edbc s\u00f4i<\/div>\n<\/div>\n<div class=\"p-single-desrc\">\n<h3 class=\"p-single-desrc__title\">\u0110i\u1ec1u ki\u1ec7n b\u1ea3o qu\u1ea3n<\/h3>\n<div class=\"p-single-desrc__wrap\">B\u1ea3o qu\u1ea3n n\u01a1i kh\u00f4 r\u00e1o, tho\u00e1ng m\u00e1t Tr\u00e1nh \u00e1nh n\u1eafng tr\u1ef1c ti\u1ebfp<\/div>\n<\/div>","protected":false},"excerpt":{"rendered":"<p>H\u01b0\u1edbng d\u1eabn s\u1eed d\u1ee5ng \u0102n tr\u1ef1c ti\u1ebfp ho\u1eb7c d\u00f9ng k\u00e8m c\u00e1c m\u00f3n \u0103n t\u00f9y th\u00edch \u1edf nhi\u1ec7t \u0111\u1ed9 22 \u0111\u1ed9<\/p>","protected":false},"featured_media":10616,"comment_status":"open","ping_status":"closed","template":"","meta":{"_acf_changed":false},"product_cat":[315,366,367,22,313],"product_tag":[],"class_list":{"0":"post-10614","1":"product","2":"type-product","3":"status-publish","4":"has-post-thumbnail","6":"product_cat-che-bien-tu-gao-ngu-coc","7":"product_cat-hang-cnnt-cap-qg","8":"product_cat-hang-cnnt-cap-qg-2023","9":"product_cat-sanphamthucpham","10":"product_cat-thuc-pham-che-bien","12":"first","13":"instock","14":"shipping-taxable","15":"purchasable","16":"product-type-simple"},"acf":[],"_links":{"self":[{"href":"https:\/\/b2c.fairs.vn\/en\/wp-json\/wp\/v2\/product\/10614","targetHints":{"allow":["GET"]}}],"collection":[{"href":"https:\/\/b2c.fairs.vn\/en\/wp-json\/wp\/v2\/product"}],"about":[{"href":"https:\/\/b2c.fairs.vn\/en\/wp-json\/wp\/v2\/types\/product"}],"replies":[{"embeddable":true,"href":"https:\/\/b2c.fairs.vn\/en\/wp-json\/wp\/v2\/comments?post=10614"}],"version-history":[{"count":0,"href":"https:\/\/b2c.fairs.vn\/en\/wp-json\/wp\/v2\/product\/10614\/revisions"}],"wp:featuredmedia":[{"embeddable":true,"href":"https:\/\/b2c.fairs.vn\/en\/wp-json\/wp\/v2\/media\/10616"}],"wp:attachment":[{"href":"https:\/\/b2c.fairs.vn\/en\/wp-json\/wp\/v2\/media?parent=10614"}],"wp:term":[{"taxonomy":"product_cat","embeddable":true,"href":"https:\/\/b2c.fairs.vn\/en\/wp-json\/wp\/v2\/product_cat?post=10614"},{"taxonomy":"product_tag","embeddable":true,"href":"https:\/\/b2c.fairs.vn\/en\/wp-json\/wp\/v2\/product_tag?post=10614"}],"curies":[{"name":"wp","href":"https:\/\/api.w.org\/{rel}","templated":true}]}}