{"id":10553,"date":"2024-03-27T16:31:28","date_gmt":"2024-03-27T09:31:28","guid":{"rendered":"https:\/\/b2c.fairs.vn\/?post_type=product&#038;p=10553"},"modified":"2024-04-19T13:47:14","modified_gmt":"2024-04-19T06:47:14","slug":"gao-sach-lien-hung-dai-thom-8","status":"publish","type":"product","link":"https:\/\/b2c.fairs.vn\/en\/product\/gao-sach-lien-hung-dai-thom-8\/","title":{"rendered":"G\u1ea1o s\u1ea1ch Li\u00ean H\u01b0ng \u0110\u00e0i Th\u01a1m 8"},"content":{"rendered":"<div class=\"p-single-desrc\">\n<h3 class=\"p-single-desrc__title\">M\u00f4 t\u1ea3<\/h3>\n<div class=\"p-single-desrc__wrap\">&#8211; \u0110\u1ed9 \u1ea9m \u2264 14,5% &#8211; T\u1ef7 l\u1ec7 t\u1ea5m \u2264 5%<\/div>\n<\/div>\n<div class=\"p-single-desrc\">\n<h3 class=\"p-single-desrc__title\">Th\u00e0nh ph\u1ea7n<\/h3>\n<div class=\"p-single-desrc__wrap\">Th\u00e0nh ph\u1ea7n dinh d\u01b0\u1ee1ng: (Trong 1 kg s\u1ea3n ph\u1ea9m) &#8211; Carbohydrate \u2265 750g &#8211; Protein \u2265 60g &#8211; Ch\u1ea5t x\u01a1 \u2265 20g &#8211; Lipid \u2265 1,5g<\/div>\n<\/div>\n<div class=\"p-single-desrc\">\n<h3 class=\"p-single-desrc__title\">H\u01b0\u1edbng d\u1eabn s\u1eed d\u1ee5ng<\/h3>\n<div class=\"p-single-desrc__wrap\">1. \u0110ong g\u1ea1o v\u00e0o n\u1ed3i, vo g\u1ea1o b\u1eb1ng n\u01b0\u1edbc s\u1ea1ch 2. \u0110ong n\u01b0\u1edbc v\u00e0o n\u1ed3i, 1 ch\u00e9n n\u01b0\u1edbc = 1,2 &#8211; 1,4 ch\u00e9n n\u01b0\u1edbc 3. N\u1ea5u c\u01a1m ch\u00edn sau 30 ph\u00fat 4. D\u00f9ng c\u01a1m ngon h\u01a1n khi c\u00f2n n\u00f3ng L\u01b0u \u00fd: H\u1ea1n ch\u1ebf m\u1edf n\u1eafp ho\u1eb7c \u0111\u1ea3o c\u01a1m trong khi n\u1ea5u.<\/div>\n<\/div>\n<div class=\"p-single-desrc\">\n<h3 class=\"p-single-desrc__title\">\u0110i\u1ec1u ki\u1ec7n b\u1ea3o qu\u1ea3n<\/h3>\n<div class=\"p-single-desrc__wrap\">&#8211; B\u1ea3o qu\u1ea3n \u1edf n\u01a1i kh\u00f4 r\u00e1o &amp; tho\u00e1ng m\u00e1t &#8211; Tr\u00e1nh xa c\u00f4n tr\u00f9ng &amp; h\u00f3a ch\u1ea5t g\u00e2y \u00f4 nhi\u1ec5m<\/div>\n<\/div>","protected":false},"excerpt":{"rendered":"<p>M\u00f4 t\u1ea3 &#8211; \u0110\u1ed9 \u1ea9m \u2264 14,5% &#8211; T\u1ef7 l\u1ec7 t\u1ea5m \u2264 5% Th\u00e0nh ph\u1ea7n Th\u00e0nh ph\u1ea7n dinh d\u01b0\u1ee1ng: (Trong<\/p>","protected":false},"featured_media":10554,"comment_status":"open","ping_status":"closed","template":"","meta":{"_acf_changed":false},"product_cat":[311,366,367,22,310],"product_tag":[],"class_list":{"0":"post-10553","1":"product","2":"type-product","3":"status-publish","4":"has-post-thumbnail","6":"product_cat-gao-ngu-coc-hat-so-che-khac","7":"product_cat-hang-cnnt-cap-qg","8":"product_cat-hang-cnnt-cap-qg-2023","9":"product_cat-sanphamthucpham","10":"product_cat-thuc-pham-tho-so-che","12":"first","13":"instock","14":"shipping-taxable","15":"product-type-simple"},"acf":[],"_links":{"self":[{"href":"https:\/\/b2c.fairs.vn\/en\/wp-json\/wp\/v2\/product\/10553","targetHints":{"allow":["GET"]}}],"collection":[{"href":"https:\/\/b2c.fairs.vn\/en\/wp-json\/wp\/v2\/product"}],"about":[{"href":"https:\/\/b2c.fairs.vn\/en\/wp-json\/wp\/v2\/types\/product"}],"replies":[{"embeddable":true,"href":"https:\/\/b2c.fairs.vn\/en\/wp-json\/wp\/v2\/comments?post=10553"}],"version-history":[{"count":0,"href":"https:\/\/b2c.fairs.vn\/en\/wp-json\/wp\/v2\/product\/10553\/revisions"}],"wp:featuredmedia":[{"embeddable":true,"href":"https:\/\/b2c.fairs.vn\/en\/wp-json\/wp\/v2\/media\/10554"}],"wp:attachment":[{"href":"https:\/\/b2c.fairs.vn\/en\/wp-json\/wp\/v2\/media?parent=10553"}],"wp:term":[{"taxonomy":"product_cat","embeddable":true,"href":"https:\/\/b2c.fairs.vn\/en\/wp-json\/wp\/v2\/product_cat?post=10553"},{"taxonomy":"product_tag","embeddable":true,"href":"https:\/\/b2c.fairs.vn\/en\/wp-json\/wp\/v2\/product_tag?post=10553"}],"curies":[{"name":"wp","href":"https:\/\/api.w.org\/{rel}","templated":true}]}}