{"id":10530,"date":"2024-03-27T16:34:50","date_gmt":"2024-03-27T09:34:50","guid":{"rendered":"https:\/\/b2c.fairs.vn\/?post_type=product&#038;p=10530"},"modified":"2024-04-17T17:01:01","modified_gmt":"2024-04-17T10:01:01","slug":"banh-trang-cuon-cu-den-20-cai","status":"publish","type":"product","link":"https:\/\/b2c.fairs.vn\/en\/product\/banh-trang-cuon-cu-den-20-cai\/","title":{"rendered":"B\u00e1nh tr\u00e1ng cu\u1ed1n c\u1ee7 d\u1ec1n 20 c\u00e1i"},"content":{"rendered":"<p>B\u00e1nh tr\u00e1ng cu\u1ed1n c\u1ee7 d\u1ec1n<\/p>\n<p>Xa\u0303 h\u00f4\u0323i nga\u0300y ca\u0300ng pha\u0301t tri\u00ea\u0309n, nhu c\u00e2\u0300u va\u0300 thi\u0323 hi\u00ea\u0301u cu\u0309a ng\u01b0\u01a1\u0300i ti\u00eau du\u0300ng cu\u0303ng cao l\u00ean, \u0111o\u0300i ho\u0309i nh\u01b0\u0303ng sa\u0309n ph\u00e2\u0309m truy\u00ea\u0300n th\u00f4\u0301ng pha\u0309i co\u0301 s\u01b0\u0323 thay \u0111\u00f4\u0309i \u0111\u00ea\u0309 \u0111a\u0301p \u01b0\u0301ng \u0111\u01b0\u01a1\u0323c nhu c\u1ea7u \u0111\u00f3. Kh\u00f4ng ph\u1ea3i chi\u0309 \u0111\u01a1n thu\u00e2\u0300n la\u0300 ngon, ch\u00e2\u0301t l\u01b0\u01a1\u0323ng, ma\u0300 co\u0300n pha\u0309i \u0111e\u0323p m\u0103\u0301t, h\u00e2\u0301p d\u00e2\u0303n, mang t\u00ednh m\u1edbi l\u1ea1 s\u00e1ng t\u1ea1o thi\u0300 m\u01a1\u0301i \u0111\u01b0\u01a1\u0323c nhi\u00ea\u0300u ng\u01b0\u01a1\u0300i \u01b0a chu\u00f4\u0323ng. N\u0103\u0301m b\u0103\u0301t \u0111\u01b0\u01a1\u0323c xu h\u01b0\u01a1\u0301ng m\u01a1\u0301i, B\u00e1nh tr\u00e1ng Sachi \u0111a\u0303 v\u00e0 \u0111ang cung c\u1ea5p b\u00e1nh tr\u00e1ng cu\u1ed1n c\u1ee7 d\u1ec1n mang h\u01b0\u01a1ng v\u1ecb m\u1edbi l\u1ea1 m\u01a1\u0301i la\u0323 va\u0300 \u0111e\u0323p m\u0103\u0301t la\u0300 s\u01b0\u0323 giao thoa gi\u01b0\u0303a vi\u00ea\u0323c ti\u00ea\u0301p n\u00f4\u0301i ca\u0301c gia\u0301 tri\u0323 truy\u00ea\u0300n th\u00f4\u0301ng v\u01a1\u0301i s\u01b0\u0323 sa\u0301ng ta\u0323o, \u0111\u00e2\u0300y ma\u0300u s\u0103\u0301c cu\u0309a hi\u00ea\u0323n \u0111a\u0323i.<\/p>\n<p>B\u00e1nh tr\u00e1ng cu\u1ed1n c\u1ee7 d\u1ec1n \u0111\u01b0\u1ee3c pha tr\u1ed9n th\u00e0nh ph\u1ea7n b\u1ed9t m\u00ec, b\u1ed9t g\u1ea1o, th\u00eam ph\u1ea7n c\u1ee7 d\u1ec1n m\u00e0u t\u00edm tr\u00f4ng \u0111\u1eb9p m\u1eaft v\u00e0 tinh t\u1ebf, b\u00e1nh kh\u00f4ng qu\u00e1 d\u00e0y nh\u01b0ng v\u1eabn \u0111\u1eadm \u0111\u00e0 khi \u0103n. L\u1edbp b\u00e1nh tr\u00e1ng m\u1ec1m d\u1ebbo bao b\u1ecdc l\u1ea5y ph\u1ea7n nh\u00e2n b\u00ean trong t\u1ea1o n\u00ean h\u01b0\u01a1ng v\u1ecb thanh m\u00e1t, gi\u00fap b\u1eefa \u0103n gia \u0111\u00ecnh th\u00eam phong ph\u00fa.<\/p>\n<p>Qu\u00e1 tr\u00ecnh s\u1ea3n xu\u1ea5t b\u00e1nh tr\u00e1ng cu\u1ed1n c\u1ee7 d\u1ec1n \u0111\u1ea3m b\u1ea3o v\u1ec7 sinh, kh\u00f4ng s\u1eed d\u1ee5ng ch\u1ea5t ph\u1ee5 gia, ch\u1ea5t b\u1ea3o qu\u1ea3n hay c\u00e1c th\u00e0nh ph\u1ea7n g\u00e2y h\u1ea1i cho s\u1ee9c kh\u1ecfe. B\u00e1nh tr\u00e1ng cu\u1ed1n c\u1ee7 d\u1ec1n v\u1edbi nguy\u00ean li\u1ec7u b\u1ed9t m\u00ec, b\u1ed9t g\u1ea1o, c\u1ee7 d\u1ec1n ch\u1ecdn l\u1ecdc cho h\u01b0\u01a1ng th\u01a1m ng\u1ecdt \u0111\u1eb7c tr\u01b0ng c\u1ee7a c\u1ee7 . C\u00f3 nhi\u1ec1u c\u1ee1 kh\u00e1c nhau, mua theo nhu c\u1ea7u cu\u1ed1n g\u1ecfi c\u1ee7a m\u1ecdi nh\u00e0 v\u00e0 d\u00f9ng ngay m\u00e0 kh\u00f4ng c\u1ea7n c\u1eaft nh\u1ecf.<\/p>\n<p>Ma\u0300u ti\u0301m \u0111\u00f4\u0323c \u0111a\u0301o, la\u0300 s\u01b0\u0323 k\u00ea\u0301t h\u01a1\u0323p ha\u0300i ho\u0300a gi\u01b0\u0303a 2 nguy\u00ean li\u00ea\u0323u la\u0300 ga\u0323o na\u0300ng th\u01a1m sa\u0323ch, de\u0309o va\u0300 cu\u0309 d\u00ea\u0300n t\u01b0\u01a1i.<\/p>\n<p>Qua ba\u0300n tay ta\u0300i hoa cu\u0309a nh\u01b0\u0303ng ng\u01b0\u01a1\u0300i th\u01a1\u0323 la\u0300nh ngh\u00ea\u0300, ba\u0301nh tra\u0301ng ga\u0323o ti\u0301m co\u0300n \u0111a\u0323t \u0111\u01b0\u01a1\u0323c \u0111\u00f4\u0323 de\u0309o nh\u00e2\u0301t \u0111i\u0323nh, khi cu\u00f4\u0301n kh\u00f4ng bi\u0323 ra\u0301ch, ga\u0303y gio\u0300n hay g\u00e2\u0301p n\u00ea\u0301p nh\u01b0 nh\u01b0\u0303ng loa\u0323i ba\u0301nh tra\u0301ng kha\u0301c. Gi\u01b0\u0303 cho nh\u00e2n \u01a1\u0309 b\u00ean trong \u0111\u01b0\u01a1\u0323c cu\u00f4\u0301n tha\u0300nh t\u01b0\u0300ng cu\u00f4\u0323n. Mo\u0301n cu\u00f4\u0301n mang ma\u0300u ti\u0301m t\u01b0\u0323 nhi\u00ean m\u01a1\u0301i h\u00e2\u0301p d\u00e2\u0303n, \u0111e\u0323p m\u0103\u0301t la\u0300m sao, th\u00e2\u0323t kho\u0301 ma\u0300 c\u01b0\u01a1\u0303ng la\u0323i \u0111\u01b0\u01a1\u0323c.<\/p>\n<p>Ma\u0300u ti\u0301m cu\u0309a ba\u0301nh tra\u0301ng kh\u00f4ng chi\u0309 \u0111e\u0323p m\u0103\u0301t ma\u0300 co\u0300n mang la\u0323i r\u00e2\u0301t nhi\u00ea\u0300u l\u01a1\u0323i i\u0301ch cho s\u01b0\u0301c kho\u0309e. V\u01a1\u0301i tha\u0300nh ph\u00e2\u0300n t\u01b0\u0300 cu\u0309 d\u00ea\u0300n t\u01b0\u01a1i, co\u0301 ta\u0301c du\u0323ng t\u0103ng c\u01b0\u01a1\u0300ng ch\u01b0\u0301c n\u0103ng gan cho c\u01a1 th\u00ea\u0309, giu\u0301p \u0111e\u0323p da, ki\u0301ch thi\u0301ch qua\u0301 tri\u0300nh t\u00f4\u0309ng h\u01a1\u0323p serotonin giu\u0301p th\u01b0 gia\u0303n h\u00ea\u0323 th\u00e2\u0300n kinh,\u2026<\/p>","protected":false},"excerpt":{"rendered":"<p>B\u00e1nh tr\u00e1ng cu\u1ed1n c\u1ee7 d\u1ec1n Xa\u0303 h\u00f4\u0323i nga\u0300y ca\u0300ng pha\u0301t tri\u00ea\u0309n, nhu c\u00e2\u0300u va\u0300 thi\u0323 hi\u00ea\u0301u cu\u0309a ng\u01b0\u01a1\u0300i ti\u00eau du\u0300ng<\/p>","protected":false},"featured_media":10545,"comment_status":"open","ping_status":"closed","template":"","meta":{"_acf_changed":false},"product_cat":[315,316,366,367,22,313],"product_tag":[],"class_list":{"0":"post-10530","1":"product","2":"type-product","3":"status-publish","4":"has-post-thumbnail","6":"product_cat-che-bien-tu-gao-ngu-coc","7":"product_cat-che-bien-tu-rau-cu-qua-hat","8":"product_cat-hang-cnnt-cap-qg","9":"product_cat-hang-cnnt-cap-qg-2023","10":"product_cat-sanphamthucpham","11":"product_cat-thuc-pham-che-bien","13":"first","14":"instock","15":"shipping-taxable","16":"purchasable","17":"product-type-simple"},"acf":[],"_links":{"self":[{"href":"https:\/\/b2c.fairs.vn\/en\/wp-json\/wp\/v2\/product\/10530","targetHints":{"allow":["GET"]}}],"collection":[{"href":"https:\/\/b2c.fairs.vn\/en\/wp-json\/wp\/v2\/product"}],"about":[{"href":"https:\/\/b2c.fairs.vn\/en\/wp-json\/wp\/v2\/types\/product"}],"replies":[{"embeddable":true,"href":"https:\/\/b2c.fairs.vn\/en\/wp-json\/wp\/v2\/comments?post=10530"}],"version-history":[{"count":0,"href":"https:\/\/b2c.fairs.vn\/en\/wp-json\/wp\/v2\/product\/10530\/revisions"}],"wp:featuredmedia":[{"embeddable":true,"href":"https:\/\/b2c.fairs.vn\/en\/wp-json\/wp\/v2\/media\/10545"}],"wp:attachment":[{"href":"https:\/\/b2c.fairs.vn\/en\/wp-json\/wp\/v2\/media?parent=10530"}],"wp:term":[{"taxonomy":"product_cat","embeddable":true,"href":"https:\/\/b2c.fairs.vn\/en\/wp-json\/wp\/v2\/product_cat?post=10530"},{"taxonomy":"product_tag","embeddable":true,"href":"https:\/\/b2c.fairs.vn\/en\/wp-json\/wp\/v2\/product_tag?post=10530"}],"curies":[{"name":"wp","href":"https:\/\/api.w.org\/{rel}","templated":true}]}}