{"id":10431,"date":"2024-03-27T15:40:43","date_gmt":"2024-03-27T08:40:43","guid":{"rendered":"https:\/\/b2c.fairs.vn\/?post_type=product&#038;p=10431"},"modified":"2024-04-04T09:03:23","modified_gmt":"2024-04-04T02:03:23","slug":"khuc-go-xo-dua","status":"publish","type":"product","link":"https:\/\/b2c.fairs.vn\/en\/product\/khuc-go-xo-dua\/","title":{"rendered":"Kh\u00fac g\u1ed7 x\u01a1 d\u1eeba"},"content":{"rendered":"<p>C\u00e1c kh\u00fac x\u01a1 d\u1eeba \u0111\u01b0\u1ee3c l\u00e0m t\u1eeb 100% x\u01a1 d\u1eeba t\u1ef1 nhi\u00ean \u0111\u01b0\u1ee3c n\u00e9n th\u00e0nh m\u1ed9t l\u1edbp l\u01b0\u1edbi b\u00ean ngo\u00e0i b\u1eb1ng s\u1ee3i x\u01a1 d\u1eeba c\u00f3 l\u00f4ng. H\u1ecd k\u1ebft h\u1ee3p c\u00e1c kh\u00eda c\u1ea1nh sinh h\u1ecdc, sinh th\u00e1i v\u00e0 k\u1ef9 thu\u1eadt c\u1ee7a vi\u1ec7c ki\u1ec3m so\u00e1t x\u00f3i m\u00f2n v\u00e0o thi\u1ebft k\u1ebf c\u1ee7a m\u00ecnh, t\u1ea1o ra m\u1ed9t c\u1ea5u tr\u00fac m\u00e0 khi \u0111\u01b0\u1ee3c tr\u1ed3ng th\u1ef1c v\u1eadt, s\u1ebd ki\u1ec3m so\u00e1t x\u00f3i m\u00f2n b\u1edd bi\u1ec3n v\u00e0 b\u1edd su\u1ed1i.<\/p>\n<p>N\u00f3 c\u00f3 kh\u1ea3 n\u0103ng ph\u00e2n h\u1ee7y sinh h\u1ecdc ho\u00e0n to\u00e0n trong v\u00f2ng 5-10 n\u0103m, ph\u00e2n h\u1ee7y th\u00e0nh m\u00f4i tr\u01b0\u1eddng t\u1ef1 nhi\u00ean th\u00fac \u0111\u1ea9y s\u1ef1 ph\u00e1t tri\u1ec3n c\u1ee7a th\u1ef1c v\u1eadt. Khi \u0111i\u1ec1u n\u00e0y x\u1ea3y ra, h\u1ec7 th\u1ed1ng r\u1ec5 ph\u00e1t tri\u1ec3n s\u1ebd h\u00f2a nh\u1eadp v\u00e0o m\u00f4i tr\u01b0\u1eddng n\u01b0\u1edbc v\u00e0 gi\u1eef th\u00e0nh c\u00f4ng b\u1edd v\u00e0 b\u1edd bi\u1ec3n t\u1ea1i ch\u1ed7, gi\u00fap ng\u0103n ng\u1eeba x\u00f3i m\u00f2n th\u00eam b\u1eb1ng c\u00e1ch gi\u1ea3m b\u1edbt l\u1ef1c s\u00f3ng v\u00e0 d\u00f2ng ch\u1ea3y.<\/p>\n<p><strong>K\u00edch th\u01b0\u1edbc l\u01b0\u1edbi b\u00ean ngo\u00e0i:<\/strong><\/p>\n<ul>\n<li>50mm x 50mm<\/li>\n<\/ul>\n<p><strong>C\u00e2n n\u1eb7ng:<\/strong><\/p>\n<ul>\n<li>10kg<\/li>\n<li>21kg<\/li>\n<li>6kg<\/li>\n<\/ul>\n<p><strong>Ch\u1ea5t li\u1ec7u:<\/strong>\u00a0X\u01a1 d\u1eeba<\/p>\n<p><strong>K\u00edch c\u1ee1:<\/strong><\/p>\n<ul>\n<li>200mm (\u0111\u01b0\u1eddng k\u00ednh) x 3m<\/li>\n<li>300mm (\u0111\u01b0\u1eddng k\u00ednh) x 3m<\/li>\n<li>200mm (\u0111\u01b0\u1eddng k\u00ednh) x 1,5m<\/li>\n<\/ul>","protected":false},"excerpt":{"rendered":"<p>C\u00e1c kh\u00fac x\u01a1 d\u1eeba \u0111\u01b0\u1ee3c l\u00e0m t\u1eeb 100% x\u01a1 d\u1eeba t\u1ef1 nhi\u00ean \u0111\u01b0\u1ee3c n\u00e9n th\u00e0nh m\u1ed9t l\u1edbp l\u01b0\u1edbi b\u00ean ngo\u00e0i<\/p>","protected":false},"featured_media":10455,"comment_status":"open","ping_status":"closed","template":"","meta":{"_acf_changed":false},"product_cat":[520,400],"product_tag":[],"class_list":{"0":"post-10431","1":"product","2":"type-product","3":"status-publish","4":"has-post-thumbnail","6":"product_cat-nha-cua-doi-song","7":"product_cat-noi-that","9":"first","10":"instock","11":"shipping-taxable","12":"product-type-simple"},"acf":[],"_links":{"self":[{"href":"https:\/\/b2c.fairs.vn\/en\/wp-json\/wp\/v2\/product\/10431","targetHints":{"allow":["GET"]}}],"collection":[{"href":"https:\/\/b2c.fairs.vn\/en\/wp-json\/wp\/v2\/product"}],"about":[{"href":"https:\/\/b2c.fairs.vn\/en\/wp-json\/wp\/v2\/types\/product"}],"replies":[{"embeddable":true,"href":"https:\/\/b2c.fairs.vn\/en\/wp-json\/wp\/v2\/comments?post=10431"}],"version-history":[{"count":0,"href":"https:\/\/b2c.fairs.vn\/en\/wp-json\/wp\/v2\/product\/10431\/revisions"}],"wp:featuredmedia":[{"embeddable":true,"href":"https:\/\/b2c.fairs.vn\/en\/wp-json\/wp\/v2\/media\/10455"}],"wp:attachment":[{"href":"https:\/\/b2c.fairs.vn\/en\/wp-json\/wp\/v2\/media?parent=10431"}],"wp:term":[{"taxonomy":"product_cat","embeddable":true,"href":"https:\/\/b2c.fairs.vn\/en\/wp-json\/wp\/v2\/product_cat?post=10431"},{"taxonomy":"product_tag","embeddable":true,"href":"https:\/\/b2c.fairs.vn\/en\/wp-json\/wp\/v2\/product_tag?post=10431"}],"curies":[{"name":"wp","href":"https:\/\/api.w.org\/{rel}","templated":true}]}}