{"id":10430,"date":"2024-03-27T15:32:37","date_gmt":"2024-03-27T08:32:37","guid":{"rendered":"https:\/\/b2c.fairs.vn\/?post_type=product&#038;p=10430"},"modified":"2024-04-17T16:58:03","modified_gmt":"2024-04-17T09:58:03","slug":"bac-dong-tu-boi-tron","status":"publish","type":"product","link":"https:\/\/b2c.fairs.vn\/en\/product\/bac-dong-tu-boi-tron\/","title":{"rendered":"B\u1ea1c \u0111\u1ed3ng t\u1ef1 b\u00f4i tr\u01a1n"},"content":{"rendered":"<p><img fetchpriority=\"high\" decoding=\"async\" class=\"size-full wp-image-2591 aligncenter lazy-load-active\" src=\"https:\/\/cokhihaiphong.vn\/wp-content\/uploads\/2021\/07\/o-bac-dong.jpg\" sizes=\"(max-width: 700px) 100vw, 700px\" srcset=\"https:\/\/cokhihaiphong.vn\/wp-content\/uploads\/2021\/07\/o-bac-dong.jpg 700w, https:\/\/cokhihaiphong.vn\/wp-content\/uploads\/2021\/07\/o-bac-dong-600x315.jpg 600w\" alt=\"gia c\u00f4ng chi ti\u1ebft \u1ed5 b\u1ea1c \u0111\u1ed3ng\" width=\"700\" height=\"368\" data-src=\"https:\/\/cokhihaiphong.vn\/wp-content\/uploads\/2021\/07\/o-bac-dong.jpg\" data-srcset=\"https:\/\/cokhihaiphong.vn\/wp-content\/uploads\/2021\/07\/o-bac-dong.jpg 700w, https:\/\/cokhihaiphong.vn\/wp-content\/uploads\/2021\/07\/o-bac-dong-600x315.jpg 600w\" \/><\/p>\n<p>V\u1eadt li\u1ec7u gia c\u00f4ng: H\u1ee3p kim \u0111\u1ed3ng \u2013 graphite<\/p>\n<p>Do c\u00f3 s\u1ef1 k\u1ebft h\u1ee3p c\u1ee7a graphite tr\u00ean n\u1ec1n \u0111\u1ed3ng n\u00ean \u1ed5 b\u1ea1c t\u1ef1 b\u00f4i tr\u01a1n c\u00f3 kh\u1ea3 n\u0103ng ch\u1ecbu t\u1ea3i tr\u1ecdng l\u1edbn, ch\u1ecbu m\u00e0i m\u00f2n cao. B\u1ea1c c\u00f3 th\u1ec3 ch\u1ecbu nhi\u1ec7t \u0111\u1ed9 t\u1eeb -200 ~ 500 \u0111\u1ed9 C.<\/p>\n<p>B\u1ea1c \u0111\u01b0\u1ee3c s\u1eed d\u1ee5ng nhi\u1ec1u trong c\u00e1c nh\u00e0 m\u00e1y h\u00f3a ch\u1ea5t, nh\u00e0 m\u00e1y \u0111i\u1ec7n, nh\u00e0 m\u00e1y xi m\u0103ng,\u2026 Hay c\u00e1c m\u00f4i tr\u01b0\u1eddng kh\u1eafc nghi\u1ec7t (h\u00f3a ch\u1ea5t, axit,\u2026). Kh\u00f4ng c\u1ea7n d\u1ea7u b\u00f4i tr\u01a1n nh\u01b0ng b\u1ea1c v\u1eabn c\u00f3 kh\u1ea3 n\u0103ng tr\u01a1n tr\u01b0\u1ee3t t\u1ed1t.<\/p>\n<p>C\u01a1 kh\u00ed Qu\u1ed1c D\u01b0\u01a1ng gia c\u00f4ng \u1ed5 b\u1ea1c t\u1ef1 b\u00f4i tr\u01a1n h\u1ec7 \u0110\u1ed3ng \u2013 Graphite theo k\u00edch th\u01b0\u1edbc, b\u1ea3n v\u1ebd ri\u00eang ho\u1eb7c theo y\u00eau c\u1ea7u c\u1ee5 th\u1ec3 ph\u00f9 h\u1ee3p v\u1edbi t\u1eebng lo\u1ea1i m\u00e1y.<\/p>\n<figure id=\"attachment_3923\" class=\"wp-caption aligncenter\" aria-describedby=\"caption-attachment-3923\"><a href=\"https:\/\/cokhihaiphong.vn\/wp-content\/uploads\/2022\/11\/giay-chung-nhan-co-khi-quoc-duong-co-khi-hai-phong.jpg\"><img decoding=\"async\" class=\"wp-image-3923 size-full lazy-load-active\" src=\"https:\/\/cokhihaiphong.vn\/wp-content\/uploads\/2022\/11\/giay-chung-nhan-co-khi-quoc-duong-co-khi-hai-phong.jpg\" sizes=\"(max-width: 700px) 100vw, 700px\" srcset=\"https:\/\/cokhihaiphong.vn\/wp-content\/uploads\/2022\/11\/giay-chung-nhan-co-khi-quoc-duong-co-khi-hai-phong.jpg 700w, https:\/\/cokhihaiphong.vn\/wp-content\/uploads\/2022\/11\/giay-chung-nhan-co-khi-quoc-duong-co-khi-hai-phong-600x338.jpg 600w\" alt=\"Gi\u1ea5y ch\u1ee9ng nh\u1eadn c\u01a1 kh\u00ed Qu\u1ed1c D\u01b0\u01a1ng\" width=\"700\" height=\"394\" data-src=\"https:\/\/cokhihaiphong.vn\/wp-content\/uploads\/2022\/11\/giay-chung-nhan-co-khi-quoc-duong-co-khi-hai-phong.jpg\" data-srcset=\"https:\/\/cokhihaiphong.vn\/wp-content\/uploads\/2022\/11\/giay-chung-nhan-co-khi-quoc-duong-co-khi-hai-phong.jpg 700w, https:\/\/cokhihaiphong.vn\/wp-content\/uploads\/2022\/11\/giay-chung-nhan-co-khi-quoc-duong-co-khi-hai-phong-600x338.jpg 600w\" \/><\/a><figcaption id=\"caption-attachment-3923\" class=\"wp-caption-text\">Gi\u1ea5y ch\u1ee9ng nh\u1eadn s\u1ea3n ph\u1ea9m B\u1ea1c \u0111\u1ed3ng t\u1ef1 b\u00f4i tr\u01a1n do Qu\u1ed1c D\u01b0\u01a1ng s\u1ea3n xu\u1ea5t<\/figcaption><\/figure>","protected":false},"excerpt":{"rendered":"<p>V\u1eadt li\u1ec7u gia c\u00f4ng: H\u1ee3p kim \u0111\u1ed3ng \u2013 graphite Do c\u00f3 s\u1ef1 k\u1ebft h\u1ee3p c\u1ee7a graphite tr\u00ean n\u1ec1n \u0111\u1ed3ng n\u00ean<\/p>","protected":false},"featured_media":10441,"comment_status":"open","ping_status":"closed","template":"","meta":{"_acf_changed":false},"product_cat":[366,367,348,392],"product_tag":[],"class_list":{"0":"post-10430","1":"product","2":"type-product","3":"status-publish","4":"has-post-thumbnail","6":"product_cat-hang-cnnt-cap-qg","7":"product_cat-hang-cnnt-cap-qg-2023","8":"product_cat-thiet-bi-co-khi","9":"product_cat-thiet-bi-may-moc-khac","11":"first","12":"instock","13":"shipping-taxable","14":"product-type-simple"},"acf":[],"_links":{"self":[{"href":"https:\/\/b2c.fairs.vn\/en\/wp-json\/wp\/v2\/product\/10430","targetHints":{"allow":["GET"]}}],"collection":[{"href":"https:\/\/b2c.fairs.vn\/en\/wp-json\/wp\/v2\/product"}],"about":[{"href":"https:\/\/b2c.fairs.vn\/en\/wp-json\/wp\/v2\/types\/product"}],"replies":[{"embeddable":true,"href":"https:\/\/b2c.fairs.vn\/en\/wp-json\/wp\/v2\/comments?post=10430"}],"version-history":[{"count":0,"href":"https:\/\/b2c.fairs.vn\/en\/wp-json\/wp\/v2\/product\/10430\/revisions"}],"wp:featuredmedia":[{"embeddable":true,"href":"https:\/\/b2c.fairs.vn\/en\/wp-json\/wp\/v2\/media\/10441"}],"wp:attachment":[{"href":"https:\/\/b2c.fairs.vn\/en\/wp-json\/wp\/v2\/media?parent=10430"}],"wp:term":[{"taxonomy":"product_cat","embeddable":true,"href":"https:\/\/b2c.fairs.vn\/en\/wp-json\/wp\/v2\/product_cat?post=10430"},{"taxonomy":"product_tag","embeddable":true,"href":"https:\/\/b2c.fairs.vn\/en\/wp-json\/wp\/v2\/product_tag?post=10430"}],"curies":[{"name":"wp","href":"https:\/\/api.w.org\/{rel}","templated":true}]}}