{"id":10421,"date":"2024-03-27T15:25:38","date_gmt":"2024-03-27T08:25:38","guid":{"rendered":"https:\/\/b2c.fairs.vn\/?post_type=product&#038;p=10421"},"modified":"2024-04-04T09:03:13","modified_gmt":"2024-04-04T02:03:13","slug":"tham-xo-dua","status":"publish","type":"product","link":"https:\/\/b2c.fairs.vn\/en\/product\/tham-xo-dua\/","title":{"rendered":"Th\u1ea3m x\u01a1 d\u1eeba"},"content":{"rendered":"<p><strong>\u2217 Ch\u1ea5t li\u1ec7u:<\/strong>\u00a0\u00a0100% g\u00e1o d\u1eeba<br \/>\n<strong>\u2217 C\u1ea3ng:<\/strong>\u00a0\u00a0C\u1ea3ng C\u00e1t L\u00e1i, Th\u00e0nh ph\u1ed1 H\u1ed3 Ch\u00ed Minh, Vi\u1ec7t Nam<br \/>\n<strong>\u2217 Thanh to\u00e1n:<\/strong>\u00a0\u00a0T\/T, L\/C<br \/>\n<strong>\u2217 Xu\u1ea5t x\u1ee9:<\/strong>\u00a0\u00a0B\u1ebfn Tre, Vi\u1ec7t Nam<br \/>\n<strong>\u2217 Cung c\u1ea5p:<\/strong>\u00a0\u00a02000 g\u00f3i\/th\u00e1ng<br \/>\nTh\u1ea3m x\u01a1 d\u1eeba l\u00e0 m\u1ed9t lo\u1ea1i th\u1ea3m x\u01a1 d\u1eeba sinh th\u00e1i T\u1ea5m th\u1ea3m th\u00e2n thi\u1ec7n l\u00e0m t\u1eeb x\u01a1 d\u1eeba n\u1eb1m gi\u1eefa l\u1edbp v\u1ecf c\u1ee9ng b\u00ean trong c\u1ee7a l\u1edbp v\u1ecf ngo\u00e0i c\u1ee7a qu\u1ea3 d\u1eeba. Sau khi d\u1eeba tr\u01b0\u1edfng th\u00e0nh ho\u00e0n to\u00e0n \u0111\u01b0\u1ee3c thu ho\u1ea1ch, ch\u00fang \u0111\u01b0\u1ee3c \u0111\u01b0a v\u00e0o m\u00e1y \u0111\u1ec3 t\u00e1ch c\u00e1c s\u1ee3i l\u00f4ng d\u00e0i b\u00ean d\u01b0\u1edbi v\u1ecf h\u1ea1t. Qu\u00e1 tr\u00ecnh n\u00e0y \u0111\u01b0\u1ee3c g\u1ecdi l\u00e0 phay \u01b0\u1edbt. Ti\u1ebfp theo, nh\u1eefng s\u1ee3i d\u1eeba n\u00e0y \u0111\u01b0\u1ee3c xo\u1eafn th\u00e0nh nh\u1eefng s\u1ee3i d\u00e2y d\u00e0y v\u00e0 ch\u1eafc h\u01a1n r\u1ed3i bu\u1ed9c v\u00e0o nh\u1eefng t\u1ea5m th\u1ea3m x\u01a1 d\u1eeba. S\u1ee3i x\u01a1 d\u1eeba t\u01b0\u01a1ng \u0111\u1ed1i kh\u00f4ng th\u1ea5m n\u01b0\u1edbc v\u00e0 l\u00e0 m\u1ed9t trong s\u1ed1 \u00edt v\u1eadt li\u1ec7u t\u1ef1 nhi\u00ean c\u00f3 kh\u1ea3 n\u0103ng ch\u1ed1ng l\u1ea1i s\u1ef1 h\u01b0 h\u1ea1i c\u1ee7a n\u01b0\u1edbc bi\u1ec3n.<br \/>\n<strong>Th\u1ea3m x\u01a1 d\u1eeba ch\u1ed1ng x\u00f3i m\u00f2n \u0111\u1ea5t c\u00f3 s\u00e1u k\u00edch th\u01b0\u1edbc ch\u00ednh:<\/strong><br \/>\n0,6m (r\u1ed9ng) x 10m (d\u00e0i) x 35mm (d\u00e0y)<br \/>\n0,8mx 10m x 35mm<br \/>\n1,0mx<br \/>\n10m x 35mm 1,2mx<br \/>\n10m x 35mm 1,5mx 10m x 35mm<br \/>\n2,0mx 10m x 35mm<br \/>\nNgo\u00e0i 6 k\u00edch th\u01b0\u1edbc ch\u00ednh tr\u00ean, ch\u00fang t\u00f4i c\u00f2n c\u00f3 th\u1ec3 l\u00e0m th\u1ea3m x\u01a1 d\u1eeba d\u00e0i 5m ho\u1eb7c c\u00e1c k\u00edch th\u01b0\u1edbc kh\u00e1c theo y\u00eau c\u1ea7u c\u1ee7a kh\u00e1ch h\u00e0ng.<\/p>","protected":false},"excerpt":{"rendered":"<p>\u2217 Ch\u1ea5t li\u1ec7u:\u00a0\u00a0100% g\u00e1o d\u1eeba \u2217 C\u1ea3ng:\u00a0\u00a0C\u1ea3ng C\u00e1t L\u00e1i, Th\u00e0nh ph\u1ed1 H\u1ed3 Ch\u00ed Minh, Vi\u1ec7t Nam \u2217 Thanh to\u00e1n:\u00a0\u00a0T\/T, L\/C<\/p>","protected":false},"featured_media":10425,"comment_status":"open","ping_status":"closed","template":"","meta":{"_acf_changed":false},"product_cat":[520,400],"product_tag":[],"class_list":{"0":"post-10421","1":"product","2":"type-product","3":"status-publish","4":"has-post-thumbnail","6":"product_cat-nha-cua-doi-song","7":"product_cat-noi-that","9":"first","10":"instock","11":"shipping-taxable","12":"product-type-simple"},"acf":[],"_links":{"self":[{"href":"https:\/\/b2c.fairs.vn\/en\/wp-json\/wp\/v2\/product\/10421","targetHints":{"allow":["GET"]}}],"collection":[{"href":"https:\/\/b2c.fairs.vn\/en\/wp-json\/wp\/v2\/product"}],"about":[{"href":"https:\/\/b2c.fairs.vn\/en\/wp-json\/wp\/v2\/types\/product"}],"replies":[{"embeddable":true,"href":"https:\/\/b2c.fairs.vn\/en\/wp-json\/wp\/v2\/comments?post=10421"}],"version-history":[{"count":0,"href":"https:\/\/b2c.fairs.vn\/en\/wp-json\/wp\/v2\/product\/10421\/revisions"}],"wp:featuredmedia":[{"embeddable":true,"href":"https:\/\/b2c.fairs.vn\/en\/wp-json\/wp\/v2\/media\/10425"}],"wp:attachment":[{"href":"https:\/\/b2c.fairs.vn\/en\/wp-json\/wp\/v2\/media?parent=10421"}],"wp:term":[{"taxonomy":"product_cat","embeddable":true,"href":"https:\/\/b2c.fairs.vn\/en\/wp-json\/wp\/v2\/product_cat?post=10421"},{"taxonomy":"product_tag","embeddable":true,"href":"https:\/\/b2c.fairs.vn\/en\/wp-json\/wp\/v2\/product_tag?post=10421"}],"curies":[{"name":"wp","href":"https:\/\/api.w.org\/{rel}","templated":true}]}}