{"id":10416,"date":"2024-03-27T15:22:52","date_gmt":"2024-03-27T08:22:52","guid":{"rendered":"https:\/\/b2c.fairs.vn\/?post_type=product&#038;p=10416"},"modified":"2024-04-04T09:02:53","modified_gmt":"2024-04-04T02:02:53","slug":"tham-xo-dua-vuong","status":"publish","type":"product","link":"https:\/\/b2c.fairs.vn\/en\/product\/tham-xo-dua-vuong\/","title":{"rendered":"Th\u1ea3m x\u01a1 d\u1eeba vu\u00f4ng"},"content":{"rendered":"<ul>\n<li>Th\u1ea3m x\u01a1 d\u1eeba \u0111\u01b0\u1ee3c l\u00e0m t\u1eeb 100% x\u01a1 d\u1eeba t\u1ef1 nhi\u00ean b\u1eb1ng ph\u01b0\u01a1ng ph\u00e1p d\u1ec7t, kh\u00e1ch h\u00e0ng c\u1ee7a ch\u00fang t\u00f4i s\u1eed d\u1ee5ng th\u1ea3m \u0111\u1ec3 che nh\u1eefng c\u00e2y k\u00e8n trong m\u00f9a \u0111\u00f4ng l\u1ea1nh gi\u00e1.<\/li>\n<li>\u0110i\u1ec1u n\u00e0y kh\u00f4ng ch\u1ec9 gi\u00fap gi\u1eef \u1ea5m cho c\u00e2y trong th\u1eddi ti\u1ebft r\u1ea5t l\u1ea1nh m\u00e0 c\u00f2n l\u00e0m cho th\u00e0nh ph\u1ed1 tr\u1edf n\u00ean \u0111\u1eb9p \u0111\u1ebd v\u00e0 g\u1ecdn g\u00e0ng h\u01a1n nh\u1edd t\u00ednh ch\u1ea5t t\u1ef1 nhi\u00ean c\u1ee7a th\u1ea3m.<\/li>\n<\/ul>\n<p><strong>K\u00edch c\u1ee1:<\/strong><\/p>\n<p>1,0 x 1,0 x 0,3<br \/>\nd\u00e0i x r\u1ed9ng x \u0111\u01b0\u1eddng k\u00ednh trong<\/p>","protected":false},"excerpt":{"rendered":"<p>Th\u1ea3m x\u01a1 d\u1eeba \u0111\u01b0\u1ee3c l\u00e0m t\u1eeb 100% x\u01a1 d\u1eeba t\u1ef1 nhi\u00ean b\u1eb1ng ph\u01b0\u01a1ng ph\u00e1p d\u1ec7t, kh\u00e1ch h\u00e0ng c\u1ee7a ch\u00fang t\u00f4i<\/p>","protected":false},"featured_media":10417,"comment_status":"open","ping_status":"closed","template":"","meta":{"_acf_changed":false},"product_cat":[520,400],"product_tag":[],"class_list":{"0":"post-10416","1":"product","2":"type-product","3":"status-publish","4":"has-post-thumbnail","6":"product_cat-nha-cua-doi-song","7":"product_cat-noi-that","9":"first","10":"instock","11":"shipping-taxable","12":"product-type-simple"},"acf":[],"_links":{"self":[{"href":"https:\/\/b2c.fairs.vn\/en\/wp-json\/wp\/v2\/product\/10416","targetHints":{"allow":["GET"]}}],"collection":[{"href":"https:\/\/b2c.fairs.vn\/en\/wp-json\/wp\/v2\/product"}],"about":[{"href":"https:\/\/b2c.fairs.vn\/en\/wp-json\/wp\/v2\/types\/product"}],"replies":[{"embeddable":true,"href":"https:\/\/b2c.fairs.vn\/en\/wp-json\/wp\/v2\/comments?post=10416"}],"version-history":[{"count":0,"href":"https:\/\/b2c.fairs.vn\/en\/wp-json\/wp\/v2\/product\/10416\/revisions"}],"wp:featuredmedia":[{"embeddable":true,"href":"https:\/\/b2c.fairs.vn\/en\/wp-json\/wp\/v2\/media\/10417"}],"wp:attachment":[{"href":"https:\/\/b2c.fairs.vn\/en\/wp-json\/wp\/v2\/media?parent=10416"}],"wp:term":[{"taxonomy":"product_cat","embeddable":true,"href":"https:\/\/b2c.fairs.vn\/en\/wp-json\/wp\/v2\/product_cat?post=10416"},{"taxonomy":"product_tag","embeddable":true,"href":"https:\/\/b2c.fairs.vn\/en\/wp-json\/wp\/v2\/product_tag?post=10416"}],"curies":[{"name":"wp","href":"https:\/\/api.w.org\/{rel}","templated":true}]}}