{"id":10399,"date":"2024-03-27T15:18:55","date_gmt":"2024-03-27T08:18:55","guid":{"rendered":"https:\/\/b2c.fairs.vn\/?post_type=product&#038;p=10399"},"modified":"2024-04-04T09:05:21","modified_gmt":"2024-04-04T02:05:21","slug":"tham-xo-dua-tron-cho-cay","status":"publish","type":"product","link":"https:\/\/b2c.fairs.vn\/en\/product\/tham-xo-dua-tron-cho-cay\/","title":{"rendered":"Th\u1ea3m x\u01a1 d\u1eeba tr\u00f2n"},"content":{"rendered":"<ul>\n<li>Th\u1ea3m x\u01a1 d\u1eeba n\u00e0y th\u00fac \u0111\u1ea9y lu\u1ed3ng kh\u00f4ng kh\u00ed t\u1ed1t v\u00e0 tho\u00e1t n\u01b0\u1edbc t\u1ed1t \u0111\u1ec3 r\u1ec5 ph\u00e1t tri\u1ec3n kh\u1ecfe m\u1ea1nh<\/li>\n<li>X\u01a1 d\u1eeba t\u1ef1 nhi\u00ean th\u00fac \u0111\u1ea9y s\u1ef1 ph\u00e1t tri\u1ec3n c\u1ee7a vi khu\u1ea9n t\u1ed1t, \u0111i\u1ec1u c\u1ea7n thi\u1ebft cho s\u1ef1 ph\u00e1t tri\u1ec3n c\u1ee7a c\u00e2y tr\u1ed3ng<\/li>\n<li>N\u00f3 \u0111\u01b0\u1ee3c c\u1eaft s\u1eb5n th\u00e0nh h\u00ecnh tr\u00f2n \u0111\u1ec3 s\u1eb5n s\u00e0ng s\u1eed d\u1ee5ng cho c\u00e2y tr\u1ed3ng trong ch\u1eadu c\u1ee7a b\u1ea1n<\/li>\n<li>Ngo\u00e0i ra c\u00f2n c\u00f3 m\u1ed9t khe c\u1eaft v\u1ec1 ph\u00eda trung t\u00e2m \u0111\u1ec3 d\u1ec5 s\u1eed d\u1ee5ng m\u00e0 kh\u00f4ng c\u1ea7n di chuy\u1ec3n v\u00e0 l\u00e0m \u1ea3nh h\u01b0\u1edfng \u0111\u1ebfn c\u00e2y c\u1ee7a b\u1ea1n<\/li>\n<li>Ng\u0103n ch\u1eb7n hi\u1ec7u qu\u1ea3 s\u1ef1 ph\u00e1t tri\u1ec3n c\u1ee7a c\u1ecf d\u1ea1i tr\u00ean \u0111\u1ea5t tr\u1ed3ng c\u00e2y c\u1ee7a b\u1ea1n<\/li>\n<\/ul>\n<p><strong>Ch\u1ea5t li\u1ec7u:<\/strong>\u00a0S\u1ee3i x\u01a1 d\u1eeba t\u1ef1 nhi\u00ean<\/p>\n<p><strong>C\u00e1c bi\u1ebfn th\u1ec3:<\/strong><\/p>\n<ul>\n<li>Nh\u1ecf: 20 cm (\u0110\u01b0\u1eddng k\u00ednh)<\/li>\n<li>Trung b\u00ecnh: 30 cm (\u0110\u01b0\u1eddng k\u00ednh)<\/li>\n<li>L\u1edbn: 40 cm (\u0110\u01b0\u1eddng k\u00ednh)<\/li>\n<\/ul>\n<p><strong>N\u1ed9i dung g\u00f3i:<\/strong><\/p>\n<ul>\n<li>10 x Th\u1ea3m x\u01a1 d\u1eeba tr\u00f2n<\/li>\n<\/ul>","protected":false},"excerpt":{"rendered":"<p>Th\u1ea3m x\u01a1 d\u1eeba n\u00e0y th\u00fac \u0111\u1ea9y lu\u1ed3ng kh\u00f4ng kh\u00ed t\u1ed1t v\u00e0 tho\u00e1t n\u01b0\u1edbc t\u1ed1t \u0111\u1ec3 r\u1ec5 ph\u00e1t tri\u1ec3n kh\u1ecfe m\u1ea1nh<\/p>","protected":false},"featured_media":10400,"comment_status":"open","ping_status":"closed","template":"","meta":{"_acf_changed":false},"product_cat":[520,400],"product_tag":[],"class_list":{"0":"post-10399","1":"product","2":"type-product","3":"status-publish","4":"has-post-thumbnail","6":"product_cat-nha-cua-doi-song","7":"product_cat-noi-that","9":"first","10":"instock","11":"shipping-taxable","12":"product-type-simple"},"acf":[],"_links":{"self":[{"href":"https:\/\/b2c.fairs.vn\/en\/wp-json\/wp\/v2\/product\/10399","targetHints":{"allow":["GET"]}}],"collection":[{"href":"https:\/\/b2c.fairs.vn\/en\/wp-json\/wp\/v2\/product"}],"about":[{"href":"https:\/\/b2c.fairs.vn\/en\/wp-json\/wp\/v2\/types\/product"}],"replies":[{"embeddable":true,"href":"https:\/\/b2c.fairs.vn\/en\/wp-json\/wp\/v2\/comments?post=10399"}],"version-history":[{"count":0,"href":"https:\/\/b2c.fairs.vn\/en\/wp-json\/wp\/v2\/product\/10399\/revisions"}],"wp:featuredmedia":[{"embeddable":true,"href":"https:\/\/b2c.fairs.vn\/en\/wp-json\/wp\/v2\/media\/10400"}],"wp:attachment":[{"href":"https:\/\/b2c.fairs.vn\/en\/wp-json\/wp\/v2\/media?parent=10399"}],"wp:term":[{"taxonomy":"product_cat","embeddable":true,"href":"https:\/\/b2c.fairs.vn\/en\/wp-json\/wp\/v2\/product_cat?post=10399"},{"taxonomy":"product_tag","embeddable":true,"href":"https:\/\/b2c.fairs.vn\/en\/wp-json\/wp\/v2\/product_tag?post=10399"}],"curies":[{"name":"wp","href":"https:\/\/api.w.org\/{rel}","templated":true}]}}