{"id":10303,"date":"2024-03-27T14:44:19","date_gmt":"2024-03-27T07:44:19","guid":{"rendered":"https:\/\/b2c.fairs.vn\/?post_type=product&#038;p=10303"},"modified":"2024-04-19T10:49:12","modified_gmt":"2024-04-19T03:49:12","slug":"nuoc-mam-truyen-thong-cat-hai-quang-hai-loai-huong-bien-45on","status":"publish","type":"product","link":"https:\/\/b2c.fairs.vn\/en\/product\/nuoc-mam-truyen-thong-cat-hai-quang-hai-loai-huong-bien-45on\/","title":{"rendered":"N\u01b0\u1edbc m\u1eafm truy\u1ec1n th\u1ed1ng C\u00e1t H\u1ea3i \u2013 Quang H\u1ea3i, Lo\u1ea1i H\u01b0\u01a1ng Bi\u1ec3n 45\u00baN"},"content":{"rendered":"<p><strong>Th\u00f4ng\u00a0tin\u00a0s\u1ea3n\u00a0ph\u1ea9m:<\/strong><\/p>\n<p>\u2013\u00a0M\u00e0u\u00a0s\u1eafc:\u00a0c\u00f3\u00a0m\u00e0u\u00a0n\u00e2u\u00a0c\u00e1nh\u00a0d\u00e1n,\u00a0ra\u00a0ngo\u00e0i\u00a0s\u00e1ng\u00a0c\u00f3\u00a0m\u00e0u\u00a0v\u00e0ng\u00a0\u00e1nh<\/p>\n<p>\u2013\u00a0M\u00f9i\u00a0th\u01a1m\u00a0nh\u1eb9\u00a0\u0111\u1eb7c\u00a0tr\u01b0ng\u00a0n\u01b0\u1edbc\u00a0m\u1eafm\u00a0truy\u1ec1n\u00a0th\u1ed1ng.<\/p>\n<p>\u2013\u00a0C\u00f3\u00a0v\u1ecb\u00a0m\u1eb7n\u00a0ng\u1ecdt\u00a0h\u00e0i\u00a0h\u00f2a,\u00a0b\u00f9i\u00a0b\u00f9i\u00a0c\u1ee7a\u00a0\u0111\u1ea1m\u00a0c\u00e1\u00a0t\u1ef1\u00a0nhi\u00ean\u00a0v\u00e0\u00a0mu\u1ed1i.<\/p>\n<p>\u2013\u00a0Kh\u00f4ng\u00a0c\u00f3\u00a0t\u1ea1p\u00a0ch\u1ea5t.<\/p>\n<p><strong>Th\u00e0nh\u00a0ph\u1ea7n:<\/strong><\/p>\n<p>\u2013\u00a0C\u00e1\u00a0bi\u1ec3n:\u00a070-80%\u00a0(\u00a0C\u00e1\u00a0ng\u1eeb,\u00a0c\u00e1\u00a0bi\u1ec3n,\u00a0c\u00e1\u00a0m\u1ef1c\u00a0\u2026)<\/p>\n<p>\u2013\u00a0Mu\u1ed1i\u00a0\u0103n:\u00a020-30%.<\/p>\n<p><strong>Quy\u00a0c\u00e1ch\u00a0\u0111\u00f3ng\u00a0g\u00f3i:<\/strong><\/p>\n<p>\u2013\u00a0H\u1ed9p\u00a001\u00a0chai\u00a0750ml<\/p>\n<p><strong>Th\u1eddi\u00a0h\u1ea1n\u00a0s\u1eed\u00a0d\u1ee5ng:<\/strong>\u00a024\u00a0th\u00e1ng\u00a0k\u1ec3\u00a0t\u1eeb\u00a0ng\u00e0y\u00a0\u0111\u00f3ng\u00a0chai.<\/p>\n<p><strong>Ch\u1ec9\u00a0ti\u00eau\u00a0ch\u1ea5t\u00a0l\u01b0\u1ee3ng:<\/strong><\/p>\n<p>\u2013\u00a0H\u00e0m\u00a0l\u01b0\u1ee3ng\u00a0Nit\u01a1\u00a0t\u1ed5ng\u00a0\u226545g\/l<\/p>\n<p>\u2013\u00a0H\u00e0m\u00a0l\u01b0\u1ee3ng\u00a0acid\u00a0amin\u00a0\u2265\u00a045%<\/p>\n<p>\u2013\u00a0H\u00e0m\u00a0l\u01b0\u1ee3ng\u00a0protein:\u00a0281g\/l<\/p>\n<p>\u2013\u00a0C\u00e1c\u00a0ch\u1ea5t\u00a0mu\u1ed1i\u00a0kho\u00e1ng\u00a0v\u00e0\u00a0vitamin.<\/p>\n<p><strong>B\u1ea3o\u00a0qu\u1ea3n:<\/strong>\u00a0Trong\u00a0qu\u00e1\u00a0tr\u00ecnh\u00a0s\u1eed\u00a0d\u1ee5ng\u00a0tr\u00e1nh\u00a0l\u1eabn\u00a0n\u01b0\u1edbc\u00a0v\u00e0\u00a0t\u1ea1p\u00a0ch\u1ea5t,\u00a0d\u00f9ng\u00a0xong\u00a0\u0111\u1eady\u00a0ch\u1eb7t\u00a0n\u1eafp,\u00a0\u0111\u1ec3\u00a0n\u01a1i\u00a0kh\u00f4\u00a0r\u00e1o\u00a0tho\u00e1ng\u00a0m\u00e1t.<\/p>\n<p><strong>HDSD:\u00a0<\/strong><\/p>\n<ul>\n<li>\n<div>C\u00f3\u00a0th\u1ec3\u00a0d\u00f9ng\u00a0\u0111\u1ec3\u00a0ch\u1ea5m\u00a0c\u00f3\u00a0m\u00f9i\u00a0v\u1ecb\u00a0th\u01a1m\u00a0ngon\u00a0ng\u1ecdt\u00a0h\u1eadu,\u00a0s\u00f3ng\u00a0s\u00e1nh.\u00a0Khi\u00a0s\u1eed\u00a0d\u1ee5ng\u00a0m\u1eafm\u00a0c\u00f3\u00a0\u0111\u1ed9\u00a0\u0111\u1ea1m\u00a0cao\u00a0\u0111\u1ec3\u00a0n\u1ea5u\u00a0th\u00ec\u00a0n\u00ean\u00a0cho\u00a0\u00edt\u00a0m\u1ed9t\u00a0v\u00ec\u00a0m\u00f9i\u00a0s\u1ebd\u00a0n\u1ed3ng.<\/div>\n<\/li>\n<li>\n<div>Tu\u1ef3\u00a0v\u00e0o\u00a0kh\u1ea9u\u00a0v\u1ecb\u00a0c\u00f3\u00a0th\u1ec3\u00a0th\u00eam\u00a0\u0111\u01b0\u1eddng\u00a0chanh,\u00a0t\u1ecfi,\u00a0\u1edbt\u2026\u00a0\u0111\u1ec3\u00a0b\u00e1t\u00a0n\u01b0\u1edbc\u00a0m\u1eafm\u00a0c\u00f3\u00a0h\u01b0\u01a1ng\u00a0v\u1ecb\u00a0ngon\u00a0nh\u1ea5t.<\/div>\n<\/li>\n<\/ul>\n<p><strong>Ch\u00fa\u00a0\u00fd:\u00a0<\/strong>Hi\u1ec7n t\u01b0\u1ee3ng xu\u1ed1ng m\u00e0u, hay l\u1eafng mu\u1ed1i \u1edf \u0111\u00e1y chai l\u00e0 ph\u1ea3n \u1ee9ng t\u1ef1 nhi\u00ean c\u1ee7a n\u01b0\u1edbc m\u1eafm truy\u1ec1n th\u1ed1ng, ho\u00e0n to\u00e0n kh\u00f4ng \u1ea3nh h\u01b0\u01a1ng \u0111\u1ebfn ch\u1ea5t l\u01b0\u1ee3ng s\u1ea3n ph\u1ea9m.<\/p>","protected":false},"excerpt":{"rendered":"<p>Th\u00f4ng\u00a0tin\u00a0s\u1ea3n\u00a0ph\u1ea9m: \u2013\u00a0M\u00e0u\u00a0s\u1eafc:\u00a0c\u00f3\u00a0m\u00e0u\u00a0n\u00e2u\u00a0c\u00e1nh\u00a0d\u00e1n,\u00a0ra\u00a0ngo\u00e0i\u00a0s\u00e1ng\u00a0c\u00f3\u00a0m\u00e0u\u00a0v\u00e0ng\u00a0\u00e1nh \u2013\u00a0M\u00f9i\u00a0th\u01a1m\u00a0nh\u1eb9\u00a0\u0111\u1eb7c\u00a0tr\u01b0ng\u00a0n\u01b0\u1edbc\u00a0m\u1eafm\u00a0truy\u1ec1n\u00a0th\u1ed1ng. \u2013\u00a0C\u00f3\u00a0v\u1ecb\u00a0m\u1eb7n\u00a0ng\u1ecdt\u00a0h\u00e0i\u00a0h\u00f2a,\u00a0b\u00f9i\u00a0b\u00f9i\u00a0c\u1ee7a\u00a0\u0111\u1ea1m\u00a0c\u00e1\u00a0t\u1ef1\u00a0nhi\u00ean\u00a0v\u00e0\u00a0mu\u1ed1i. \u2013\u00a0Kh\u00f4ng\u00a0c\u00f3\u00a0t\u1ea1p\u00a0ch\u1ea5t. Th\u00e0nh\u00a0ph\u1ea7n: \u2013\u00a0C\u00e1\u00a0bi\u1ec3n:\u00a070-80%\u00a0(\u00a0C\u00e1\u00a0ng\u1eeb,\u00a0c\u00e1\u00a0bi\u1ec3n,\u00a0c\u00e1\u00a0m\u1ef1c\u00a0\u2026) \u2013\u00a0Mu\u1ed1i\u00a0\u0103n:\u00a020-30%. Quy\u00a0c\u00e1ch\u00a0\u0111\u00f3ng\u00a0g\u00f3i: \u2013\u00a0H\u1ed9p\u00a001\u00a0chai\u00a0750ml Th\u1eddi\u00a0h\u1ea1n\u00a0s\u1eed\u00a0d\u1ee5ng:\u00a024\u00a0th\u00e1ng\u00a0k\u1ec3\u00a0t\u1eeb\u00a0ng\u00e0y\u00a0\u0111\u00f3ng\u00a0chai. Ch\u1ec9\u00a0ti\u00eau\u00a0ch\u1ea5t\u00a0l\u01b0\u1ee3ng: \u2013\u00a0H\u00e0m\u00a0l\u01b0\u1ee3ng\u00a0Nit\u01a1\u00a0t\u1ed5ng\u00a0\u226545g\/l \u2013\u00a0H\u00e0m\u00a0l\u01b0\u1ee3ng\u00a0acid\u00a0amin\u00a0\u2265\u00a045% \u2013\u00a0H\u00e0m\u00a0l\u01b0\u1ee3ng\u00a0protein:\u00a0281g\/l \u2013\u00a0C\u00e1c\u00a0ch\u1ea5t\u00a0mu\u1ed1i\u00a0kho\u00e1ng\u00a0v\u00e0\u00a0vitamin. B\u1ea3o\u00a0qu\u1ea3n:\u00a0Trong\u00a0qu\u00e1\u00a0tr\u00ecnh\u00a0s\u1eed\u00a0d\u1ee5ng\u00a0tr\u00e1nh\u00a0l\u1eabn\u00a0n\u01b0\u1edbc\u00a0v\u00e0\u00a0t\u1ea1p\u00a0ch\u1ea5t,\u00a0d\u00f9ng\u00a0xong\u00a0\u0111\u1eady\u00a0ch\u1eb7t\u00a0n\u1eafp,\u00a0\u0111\u1ec3\u00a0n\u01a1i\u00a0kh\u00f4\u00a0r\u00e1o\u00a0tho\u00e1ng\u00a0m\u00e1t. HDSD:\u00a0 C\u00f3\u00a0th\u1ec3\u00a0d\u00f9ng\u00a0\u0111\u1ec3\u00a0ch\u1ea5m\u00a0c\u00f3\u00a0m\u00f9i\u00a0v\u1ecb\u00a0th\u01a1m\u00a0ngon\u00a0ng\u1ecdt\u00a0h\u1eadu,\u00a0s\u00f3ng\u00a0s\u00e1nh.\u00a0Khi\u00a0s\u1eed\u00a0d\u1ee5ng\u00a0m\u1eafm\u00a0c\u00f3\u00a0\u0111\u1ed9\u00a0\u0111\u1ea1m\u00a0cao\u00a0\u0111\u1ec3\u00a0n\u1ea5u\u00a0th\u00ec\u00a0n\u00ean\u00a0cho\u00a0\u00edt\u00a0m\u1ed9t\u00a0v\u00ec\u00a0m\u00f9i\u00a0s\u1ebd\u00a0n\u1ed3ng. Tu\u1ef3\u00a0v\u00e0o\u00a0kh\u1ea9u\u00a0v\u1ecb\u00a0c\u00f3\u00a0th\u1ec3\u00a0th\u00eam\u00a0\u0111\u01b0\u1eddng\u00a0chanh,\u00a0t\u1ecfi,\u00a0\u1edbt\u2026\u00a0\u0111\u1ec3\u00a0b\u00e1t\u00a0n\u01b0\u1edbc\u00a0m\u1eafm\u00a0c\u00f3\u00a0h\u01b0\u01a1ng\u00a0v\u1ecb\u00a0ngon\u00a0nh\u1ea5t.<\/p>","protected":false},"featured_media":10305,"comment_status":"open","ping_status":"closed","template":"","meta":{"_acf_changed":false},"product_cat":[318,366,367,22,319],"product_tag":[],"class_list":{"0":"post-10303","1":"product","2":"type-product","3":"status-publish","4":"has-post-thumbnail","6":"product_cat-gia-vi","7":"product_cat-hang-cnnt-cap-qg","8":"product_cat-hang-cnnt-cap-qg-2023","9":"product_cat-sanphamthucpham","10":"product_cat-tuong-nuoc-mam-gia-vi-dang-long-khac","12":"first","13":"instock","14":"shipping-taxable","15":"purchasable","16":"product-type-simple"},"acf":[],"_links":{"self":[{"href":"https:\/\/b2c.fairs.vn\/en\/wp-json\/wp\/v2\/product\/10303","targetHints":{"allow":["GET"]}}],"collection":[{"href":"https:\/\/b2c.fairs.vn\/en\/wp-json\/wp\/v2\/product"}],"about":[{"href":"https:\/\/b2c.fairs.vn\/en\/wp-json\/wp\/v2\/types\/product"}],"replies":[{"embeddable":true,"href":"https:\/\/b2c.fairs.vn\/en\/wp-json\/wp\/v2\/comments?post=10303"}],"version-history":[{"count":0,"href":"https:\/\/b2c.fairs.vn\/en\/wp-json\/wp\/v2\/product\/10303\/revisions"}],"wp:featuredmedia":[{"embeddable":true,"href":"https:\/\/b2c.fairs.vn\/en\/wp-json\/wp\/v2\/media\/10305"}],"wp:attachment":[{"href":"https:\/\/b2c.fairs.vn\/en\/wp-json\/wp\/v2\/media?parent=10303"}],"wp:term":[{"taxonomy":"product_cat","embeddable":true,"href":"https:\/\/b2c.fairs.vn\/en\/wp-json\/wp\/v2\/product_cat?post=10303"},{"taxonomy":"product_tag","embeddable":true,"href":"https:\/\/b2c.fairs.vn\/en\/wp-json\/wp\/v2\/product_tag?post=10303"}],"curies":[{"name":"wp","href":"https:\/\/api.w.org\/{rel}","templated":true}]}}