{"id":10269,"date":"2024-03-27T14:25:05","date_gmt":"2024-03-27T07:25:05","guid":{"rendered":"https:\/\/b2c.fairs.vn\/?post_type=product&#038;p=10269"},"modified":"2024-04-19T14:03:24","modified_gmt":"2024-04-19T07:03:24","slug":"may-bom-nuoc-chan-khong-yokohama","status":"publish","type":"product","link":"https:\/\/b2c.fairs.vn\/en\/product\/may-bom-nuoc-chan-khong-yokohama\/","title":{"rendered":"M\u00e1y b\u01a1m n\u01b0\u1edbc ch\u00e2n kh\u00f4ng YOKOHAMA"},"content":{"rendered":"<p>M\u00e1y b\u01a1m n\u01b0\u1edbc ch\u00e2n kh\u00f4ng YOKOHAMA, C\u00f4ng su\u1ea5t :150w, 200W H\u00fat s\u00e2u 9m \u0110\u1ea9y cao 30m Tr\u1ee5c m\u00e1y b\u1eb1ng inox ch\u1ed1ng g\u1ec9 , R\u01a1 le nhi\u1ec7t b\u1ea3o v\u1ec7 \u0111\u00f4ng c\u01a1 ,D\u00e2y \u0111\u1ed3ng v\u00e0 t\u1ee5 H\u00e0n qu\u1ed1c Ph\u1edbt 304 inox M\u00e1y b\u01a1m n\u01b0\u1edbc yokohama la sp li\u00ean doanh gi\u1eefa cong ty \u0111i\u1ec7n c\u01a1 tr\u1ea7n H\u01b0ng \u0111\u1ea1o v\u00e0 t\u1eadp \u0111o\u00e0n yokohama Pump nh\u1eadt b\u1ea3n S\u1ea3n ph\u1ea9m \u0111\u01b0\u1ee3c b\u1ea3o h\u00e0nh 12 th\u00e1ng<\/p>","protected":false},"excerpt":{"rendered":"<p>M\u00e1y b\u01a1m n\u01b0\u1edbc ch\u00e2n kh\u00f4ng YOKOHAMA, C\u00f4ng su\u1ea5t :150w, 200W H\u00fat s\u00e2u 9m \u0110\u1ea9y cao 30m Tr\u1ee5c m\u00e1y b\u1eb1ng inox<\/p>","protected":false},"featured_media":10271,"comment_status":"open","ping_status":"closed","template":"","meta":{"_acf_changed":false},"product_cat":[366,367,348,392],"product_tag":[],"class_list":{"0":"post-10269","1":"product","2":"type-product","3":"status-publish","4":"has-post-thumbnail","6":"product_cat-hang-cnnt-cap-qg","7":"product_cat-hang-cnnt-cap-qg-2023","8":"product_cat-thiet-bi-co-khi","9":"product_cat-thiet-bi-may-moc-khac","11":"first","12":"instock","13":"shipping-taxable","14":"product-type-simple"},"acf":[],"_links":{"self":[{"href":"https:\/\/b2c.fairs.vn\/en\/wp-json\/wp\/v2\/product\/10269","targetHints":{"allow":["GET"]}}],"collection":[{"href":"https:\/\/b2c.fairs.vn\/en\/wp-json\/wp\/v2\/product"}],"about":[{"href":"https:\/\/b2c.fairs.vn\/en\/wp-json\/wp\/v2\/types\/product"}],"replies":[{"embeddable":true,"href":"https:\/\/b2c.fairs.vn\/en\/wp-json\/wp\/v2\/comments?post=10269"}],"version-history":[{"count":0,"href":"https:\/\/b2c.fairs.vn\/en\/wp-json\/wp\/v2\/product\/10269\/revisions"}],"wp:featuredmedia":[{"embeddable":true,"href":"https:\/\/b2c.fairs.vn\/en\/wp-json\/wp\/v2\/media\/10271"}],"wp:attachment":[{"href":"https:\/\/b2c.fairs.vn\/en\/wp-json\/wp\/v2\/media?parent=10269"}],"wp:term":[{"taxonomy":"product_cat","embeddable":true,"href":"https:\/\/b2c.fairs.vn\/en\/wp-json\/wp\/v2\/product_cat?post=10269"},{"taxonomy":"product_tag","embeddable":true,"href":"https:\/\/b2c.fairs.vn\/en\/wp-json\/wp\/v2\/product_tag?post=10269"}],"curies":[{"name":"wp","href":"https:\/\/api.w.org\/{rel}","templated":true}]}}