{"id":10255,"date":"2024-03-27T14:18:19","date_gmt":"2024-03-27T07:18:19","guid":{"rendered":"https:\/\/b2c.fairs.vn\/?post_type=product&#038;p=10255"},"modified":"2024-04-19T14:03:41","modified_gmt":"2024-04-19T07:03:41","slug":"may-bom-nuoc-tran-hung-dao","status":"publish","type":"product","link":"https:\/\/b2c.fairs.vn\/en\/product\/may-bom-nuoc-tran-hung-dao\/","title":{"rendered":"M\u00e1y b\u01a1m n\u01b0\u1edbc Tr\u1ea7n H\u01b0ng \u0110\u1ea1o"},"content":{"rendered":"<p>M\u00e1y b\u01a1m n\u01b0\u1edbc gia \u0111\u00ecnh th\u01b0\u01a1ng hi\u1ec7u Tr\u1ea7n H\u01b0ng \u0110\u1ea1o, H\u00fat s\u00e2u. 9m \u0110\u1ea9y 30m C\u00f4ng su\u1ea5t 370w &#8211; Ch\u00fang t\u00f4i cam k\u1ebft mang l\u1ea1i cho ng\u01b0\u1eddi ti\u00eau d\u00f9ng m\u1eb7t h\u00e0ng m\u00e1y b\u01a1m n\u01b0\u1edbc gia \u0111\u00ecnh th\u00f4ng d\u1ee5ng v\u00e0 ti\u1ec7n l\u1ee3i, \u0111\u1ed9 b\u1ec1n cao nh\u1ea5t, \u0110\u1ed9ng c\u01a1 \u0111\u01b0\u1ee3c qu\u1ea5n theo ti\u00eau chu\u1ea9n d\u00e2y \u0111\u1ed3ng 100%. tu\u1ed5i th\u1ecd cao, b\u1ea3o h\u00e0nh d\u00e0i h\u1ea1n.<\/p>","protected":false},"excerpt":{"rendered":"<p>M\u00e1y b\u01a1m n\u01b0\u1edbc gia \u0111\u00ecnh th\u01b0\u01a1ng hi\u1ec7u Tr\u1ea7n H\u01b0ng \u0110\u1ea1o, H\u00fat s\u00e2u. 9m \u0110\u1ea9y 30m C\u00f4ng su\u1ea5t 370w &#8211; Ch\u00fang<\/p>","protected":false},"featured_media":10259,"comment_status":"open","ping_status":"closed","template":"","meta":{"_acf_changed":false},"product_cat":[366,367,348,392],"product_tag":[],"class_list":{"0":"post-10255","1":"product","2":"type-product","3":"status-publish","4":"has-post-thumbnail","6":"product_cat-hang-cnnt-cap-qg","7":"product_cat-hang-cnnt-cap-qg-2023","8":"product_cat-thiet-bi-co-khi","9":"product_cat-thiet-bi-may-moc-khac","11":"first","12":"instock","13":"shipping-taxable","14":"product-type-simple"},"acf":[],"_links":{"self":[{"href":"https:\/\/b2c.fairs.vn\/en\/wp-json\/wp\/v2\/product\/10255","targetHints":{"allow":["GET"]}}],"collection":[{"href":"https:\/\/b2c.fairs.vn\/en\/wp-json\/wp\/v2\/product"}],"about":[{"href":"https:\/\/b2c.fairs.vn\/en\/wp-json\/wp\/v2\/types\/product"}],"replies":[{"embeddable":true,"href":"https:\/\/b2c.fairs.vn\/en\/wp-json\/wp\/v2\/comments?post=10255"}],"version-history":[{"count":0,"href":"https:\/\/b2c.fairs.vn\/en\/wp-json\/wp\/v2\/product\/10255\/revisions"}],"wp:featuredmedia":[{"embeddable":true,"href":"https:\/\/b2c.fairs.vn\/en\/wp-json\/wp\/v2\/media\/10259"}],"wp:attachment":[{"href":"https:\/\/b2c.fairs.vn\/en\/wp-json\/wp\/v2\/media?parent=10255"}],"wp:term":[{"taxonomy":"product_cat","embeddable":true,"href":"https:\/\/b2c.fairs.vn\/en\/wp-json\/wp\/v2\/product_cat?post=10255"},{"taxonomy":"product_tag","embeddable":true,"href":"https:\/\/b2c.fairs.vn\/en\/wp-json\/wp\/v2\/product_tag?post=10255"}],"curies":[{"name":"wp","href":"https:\/\/api.w.org\/{rel}","templated":true}]}}