{"id":10025,"date":"2024-03-27T09:41:19","date_gmt":"2024-03-27T02:41:19","guid":{"rendered":"https:\/\/b2c.fairs.vn\/?post_type=product&#038;p=10025"},"modified":"2024-04-08T17:07:48","modified_gmt":"2024-04-08T10:07:48","slug":"thung-24-chai-330ml","status":"publish","type":"product","link":"https:\/\/b2c.fairs.vn\/en\/product\/thung-24-chai-330ml\/","title":{"rendered":"N\u01b0\u1edbc kho\u00e1ng thi\u00ean nhi\u00ean \u0111\u00f3ng chai \u201cSao Bi\u1ec3n\u201d Thu\u0300ng 24 Chai 330ml"},"content":{"rendered":"<h3>N\u01b0\u1edbc kho\u00e1ng Sao Bi\u1ec3n \u2013 STARFIWA<\/h3>\n<p>N\u01b0\u1edbc kho\u00e1ng thi\u00ean nhi\u00ean Sao Bi\u1ec3n l\u00e0 s\u1ea3n ph\u1ea9m c\u1ee7a\u00a0<strong>C\u00f4ng ty C\u1ed5 ph\u1ea9n Th\u1ef1c Ph\u1ea9m Bi\u1ec3n Xanh<\/strong>\u00a0\u0111\u01b0\u1ee3c khai th\u00e1c v\u00e0 s\u1ea3n xu\u1ea5t t\u1eeb ngu\u1ed3n kho\u00e1ng n\u00f3ng Long To\u00e0n r\u1ea5t s\u00e2u trong l\u00f2ng \u0111\u1ea5t, ch\u1ea3y qua nhi\u1ec1u \u0111\u1ecba h\u00ecnh v\u00e0 t\u1ea7ng \u0111\u1ecba ch\u1ea5t gi\u00e0u kho\u00e1ng ch\u1ea5t qu\u00fd gi\u00e1. Khai th\u00e1c v\u00e0 x\u1eed l\u00fd b\u1eb1ng c\u00f4ng ngh\u1ec7 ti\u00ean ti\u1ebfn, ch\u1ea5t l\u01b0\u1ee3ng s\u1ea3n ph\u1ea9m \u0111\u01b0\u1ee3c qu\u1ea3n l\u00fd nghi\u00eam ng\u1eb7t theo ti\u00eau chu\u1ea9n ISO 22000:2018. N\u01b0\u1edbc kho\u00e1ng Sao Bi\u1ec3n \u2013 STARFIWA ch\u1ee9a h\u00e0m l\u01b0\u1ee3ng kho\u00e1ng nh\u1eb9 n\u00ean th\u00edch h\u1ee3p s\u1eed d\u1ee5ng gi\u1ea3i kh\u00e1t v\u00e0 g\u00f3p ph\u1ea7n b\u00f9 kho\u00e1ng h\u00e0ng ng\u00e0y cho c\u01a1 th\u1ec3.<\/p>\n<p>S\u1ea3n ph\u1ea9m \u0111\u01b0\u1ee3c s\u1ea3n xu\u1ea5t tr\u00ean d\u00e2y chuy\u1ec1n hi\u1ec7n \u0111\u1ea1i kh\u00e9p k\u00edn \u0111\u1ea3m b\u1ea3o an to\u00e0n v\u1ec7 sinh an to\u00e0n th\u1ef1c ph\u1ea9m.<\/p>\n<h3>C\u00e1ch s\u1eed d\u1ee5ng v\u00e0 b\u1ea3o qu\u1ea3n<\/h3>\n<ul>\n<li>D\u00f9ng tr\u1ef1c ti\u1ebfp, ngon h\u01a1n khi u\u1ed1ng l\u1ea1nh.<\/li>\n<li>\u0110\u00ea\u0309 n\u01a1i kh\u00f4 r\u00e1o, tho\u00e1ng m\u00e1t, tr\u00e1nh \u00e1nh n\u1eafng tr\u1ef1c ti\u1ebfp.<\/li>\n<\/ul>","protected":false},"excerpt":{"rendered":"<p>N\u01b0\u1edbc kho\u00e1ng Sao Bi\u1ec3n \u2013 STARFIWA N\u01b0\u1edbc kho\u00e1ng thi\u00ean nhi\u00ean Sao Bi\u1ec3n l\u00e0 s\u1ea3n ph\u1ea9m c\u1ee7a\u00a0C\u00f4ng ty C\u1ed5 ph\u1ea9n Th\u1ef1c<\/p>","protected":false},"featured_media":10036,"comment_status":"open","ping_status":"closed","template":"","meta":{"_acf_changed":false},"product_cat":[325,329,330,366,367],"product_tag":[],"class_list":{"0":"post-10025","1":"product","2":"type-product","3":"status-publish","4":"has-post-thumbnail","6":"product_cat-san-pham-do-uong","7":"product_cat-do-uong-khong-con","8":"product_cat-nuoc-khoang-thien-nhien-nuoc-uong-tinh-khiet","9":"product_cat-hang-cnnt-cap-qg","10":"product_cat-hang-cnnt-cap-qg-2023","12":"first","13":"instock","14":"shipping-taxable","15":"purchasable","16":"product-type-simple"},"acf":[],"_links":{"self":[{"href":"https:\/\/b2c.fairs.vn\/en\/wp-json\/wp\/v2\/product\/10025","targetHints":{"allow":["GET"]}}],"collection":[{"href":"https:\/\/b2c.fairs.vn\/en\/wp-json\/wp\/v2\/product"}],"about":[{"href":"https:\/\/b2c.fairs.vn\/en\/wp-json\/wp\/v2\/types\/product"}],"replies":[{"embeddable":true,"href":"https:\/\/b2c.fairs.vn\/en\/wp-json\/wp\/v2\/comments?post=10025"}],"version-history":[{"count":0,"href":"https:\/\/b2c.fairs.vn\/en\/wp-json\/wp\/v2\/product\/10025\/revisions"}],"wp:featuredmedia":[{"embeddable":true,"href":"https:\/\/b2c.fairs.vn\/en\/wp-json\/wp\/v2\/media\/10036"}],"wp:attachment":[{"href":"https:\/\/b2c.fairs.vn\/en\/wp-json\/wp\/v2\/media?parent=10025"}],"wp:term":[{"taxonomy":"product_cat","embeddable":true,"href":"https:\/\/b2c.fairs.vn\/en\/wp-json\/wp\/v2\/product_cat?post=10025"},{"taxonomy":"product_tag","embeddable":true,"href":"https:\/\/b2c.fairs.vn\/en\/wp-json\/wp\/v2\/product_tag?post=10025"}],"curies":[{"name":"wp","href":"https:\/\/api.w.org\/{rel}","templated":true}]}}