{"id":287,"date":"2022-05-23T11:11:30","date_gmt":"2022-05-23T11:11:30","guid":{"rendered":"http:\/\/dummy.xtemos.com\/woodmart2\/megamarket-elementor\/?page_id=287"},"modified":"2024-04-05T09:39:21","modified_gmt":"2024-04-05T02:39:21","slug":"services","status":"publish","type":"page","link":"https:\/\/b2c.fairs.vn\/en\/services\/","title":{"rendered":"D\u1ecbch v\u1ee5"},"content":{"rendered":"<div data-elementor-type=\"wp-page\" data-elementor-id=\"287\" class=\"elementor elementor-287\" data-elementor-post-type=\"page\">\n\t\t\t\t<div class=\"wd-negative-gap elementor-element elementor-element-827b0ab e-flex e-con-boxed e-con e-parent\" data-id=\"827b0ab\" data-element_type=\"container\">\n\t\t\t\t\t<div class=\"e-con-inner\">\n\t\t<div class=\"elementor-element elementor-element-49b25b4 e-con-full e-flex e-con e-child\" data-id=\"49b25b4\" data-element_type=\"container\">\n\t\t\t\t<div class=\"elementor-element elementor-element-3e5507e wd-width-100 elementor-widget elementor-widget-wd_title\" data-id=\"3e5507e\" data-element_type=\"widget\" data-widget_type=\"wd_title.default\">\n\t\t\t\t<div class=\"elementor-widget-container\">\n\t\t\t\t\t<div class=\"title-wrapper set-mb-s reset-last-child wd-title-color-default wd-title-style-default wd-title-size-large text-left\">\n\n\t\t\t\n\t\t\t<div class=\"liner-continer\">\n\t\t\t\t<h4 class=\"woodmart-title-container title wd-fontsize-xxl\">D\u1ecbch v\u1ee5 c\u1ee7a ch\u00fang t\u00f4i<\/h4> \n\t\t\t\t\t\t\t<\/div>\n\n\t\t\t\t\t<\/div>\n\t\t\t\t<\/div>\n\t\t\t\t<\/div>\n\t\t\t\t<div class=\"elementor-element elementor-element-e9137d3 elementor-widget elementor-widget-wd_text_block\" data-id=\"e9137d3\" data-element_type=\"widget\" data-widget_type=\"wd_text_block.default\">\n\t\t\t\t<div class=\"elementor-widget-container\">\n\t\t\t\t\t<div class=\"wd-text-block reset-last-child text-left\">\n\t\t\t\n\t\t\t<h4><strong>Cung c\u1ea5p gi\u1ea3i ph\u00e1p C\u00f4ng ngh\u1ec7 th\u1ef1c t\u1ebf \u1ea3o<\/strong><\/h4><p>S\u1ea3n ph\u1ea9m 3D mang \u0111\u1ebfn tr\u1ea3i nghi\u1ec7m s\u1ed1ng \u0111\u1ed9ng, s\u1eafc n\u00e9t v\u00e0 ch\u00e2n th\u1ef1c gi\u00fap t\u0103ng t\u01b0\u01a1ng t\u00e1c gi\u1eefa ng\u01b0\u1eddi mua v\u00e0 ng\u01b0\u1eddi b\u00e1n, gi\u00fap vi\u1ec7c mua b\u00e1n tr\u1edf n\u00ean d\u1ec5 d\u00e0ng h\u01a1n gi\u1eefa c\u00e1c qu\u1ed1c gia v\u00e0 c\u00e1c v\u00f9ng trong n\u01b0\u1edbc. C\u00e1c s\u1ea3n ph\u1ea9m 3D kh\u00f4ng ch\u1ec9 mang l\u1ea1i tr\u1ea3i nghi\u1ec7m m\u1edbi m\u1ebb cho ng\u01b0\u1eddi d\u00f9ng m\u00e0 c\u00f2n gi\u00fap doanh nghi\u1ec7p ti\u1ebft ki\u1ec7m chi ph\u00ed qu\u1ea3ng c\u00e1o v\u00e0 marketing. Quy tr\u00ecnh s\u1ed1 h\u00f3a nhanh ch\u00f3ng v\u1edbi s\u1ef1 h\u1ed7 tr\u1ee3 c\u1ee7a m\u00e1y qu\u00e9t 3D v\u00e0 ph\u1ea7n m\u1ec1m c\u00f4ng ngh\u1ec7 ti\u00ean ti\u1ebfn. FIMO \u2013 chuy\u00ean cung c\u1ea5p c\u00e1c gi\u1ea3i ph\u00e1p chuy\u1ec3n \u0111\u1ed5i s\u1ed1 ph\u00f9 h\u1ee3p, hi\u1ec7u qu\u1ea3 cho doanh nghi\u1ec7p, mong mu\u1ed1n \u0111\u00f3ng g\u00f3p v\u00e0o s\u1ef1 ph\u00e1t tri\u1ec3n c\u1ee7a Vi\u1ec7t Nam tr\u00ean con \u0111\u01b0\u1eddng chuy\u1ec3n \u0111\u1ed5i s\u1ed1.<\/p>\n\t\t\t\t\t<\/div>\n\t\t\t\t<\/div>\n\t\t\t\t<\/div>\n\t\t\t\t<\/div>\n\t\t<div class=\"elementor-element elementor-element-cad0791 e-con-full e-flex e-con e-child\" data-id=\"cad0791\" data-element_type=\"container\">\n\t\t\t\t<div class=\"elementor-element elementor-element-87f6c6f elementor-widget elementor-widget-spacer\" data-id=\"87f6c6f\" data-element_type=\"widget\" data-widget_type=\"spacer.default\">\n\t\t\t\t<div class=\"elementor-widget-container\">\n\t\t\t\t\t<div class=\"elementor-spacer\">\n\t\t\t<div class=\"elementor-spacer-inner\"><\/div>\n\t\t<\/div>\n\t\t\t\t<\/div>\n\t\t\t\t<\/div>\n\t\t\t\t<div class=\"elementor-element elementor-element-e21a79f wd-width-100 elementor-widget elementor-widget-wd_images_gallery\" data-id=\"e21a79f\" data-element_type=\"widget\" data-widget_type=\"wd_images_gallery.default\">\n\t\t\t\t<div class=\"elementor-widget-container\">\n\t\t\t\t\t<div class=\"wd-images-gallery photoswipe-images\" style=\"--wd-align-items:center; --wd-justify-content:center;\">\n\t\t\t\t\t\t<div class=\"wd-grid-g\" style=\"--wd-col-lg:1;--wd-col-md:2;--wd-col-sm:1;--wd-gap-lg:20px;--wd-gap-sm:10px;\" >\n\t\t\t\t\t\t\t\t\t\t\t\t\t\t\t\t\t\t<div class=\"wd-gallery-item wd-col\">\n\t\t\t\t\t\t\t\t\t\t\t\t\t<a  href=\"https:\/\/b2c.fairs.vn\/wp-content\/uploads\/2024\/03\/fire-2-1.png\"data-width=\"1920\" data-height=\"1080\" data-index=\"1\" data-elementor-open-lightbox=\"no\">\n\t\t\t\t\t\t\n\t\t\t\t\t\t<img decoding=\"async\" class=\"wd-lazy-load wd-lazy-fade\" src=\"https:\/\/b2c.fairs.vn\/wp-content\/themes\/woodmart\/images\/lazy.png\" data-wood-src=\"https:\/\/b2c.fairs.vn\/wp-content\/uploads\/2024\/03\/fire-2-1.png\"alt=\"\">\n\t\t\t\t\t\t\t\t\t\t\t\t\t<\/a>\n\t\t\t\t\t\t\t\t\t\t\t<\/div>\n\t\t\t\t\t\t\t\t\t\t\t\t\t<\/div>\n\t\t\t\t\t<\/div>\n\t\t\t\t<\/div>\n\t\t\t\t<\/div>\n\t\t\t\t<\/div>\n\t\t\t\t\t<\/div>\n\t\t\t\t<\/div>\n\t\t<div class=\"wd-negative-gap elementor-element elementor-element-c6b6fec wd-section-stretch e-flex e-con-boxed e-con e-parent\" data-id=\"c6b6fec\" data-element_type=\"container\" data-settings=\"{&quot;background_background&quot;:&quot;classic&quot;}\">\n\t\t\t\t\t<div class=\"e-con-inner\">\n\t\t<div class=\"wd-negative-gap elementor-element elementor-element-3c81c1f e-flex e-con-boxed e-con e-child\" data-id=\"3c81c1f\" data-element_type=\"container\">\n\t\t\t\t\t<div class=\"e-con-inner\">\n\t\t<div class=\"wd-negative-gap elementor-element elementor-element-38c8e08 e-flex e-con-boxed e-con e-child\" data-id=\"38c8e08\" data-element_type=\"container\">\n\t\t\t\t\t<div class=\"e-con-inner\">\n\t\t\t\t<div class=\"elementor-element elementor-element-fc3c589 elementor-position-top elementor-widget elementor-widget-image-box\" data-id=\"fc3c589\" data-element_type=\"widget\" data-widget_type=\"image-box.default\">\n\t\t\t\t<div class=\"elementor-widget-container\">\n\t\t\t<div class=\"elementor-image-box-wrapper\"><figure class=\"elementor-image-box-img\"><a href=\"https:\/\/b2b.fairs.vn\/vi\/company\/hop-tac-xa-che-hao-dat.2244906\/3d\" tabindex=\"-1\"><img fetchpriority=\"high\" decoding=\"async\" width=\"1024\" height=\"540\" src=\"https:\/\/b2c.fairs.vn\/wp-content\/themes\/woodmart\/images\/lazy.png\" class=\"attachment-large size-large wp-image-11457 wd-lazy-load wd-lazy-fade\" alt=\"\" data-wood-src=\"https:\/\/b2c.fairs.vn\/wp-content\/uploads\/2024\/03\/1-5-1024x540.png\" data-srcset=\"https:\/\/b2c.fairs.vn\/wp-content\/uploads\/2024\/03\/1-5-1024x540.png 1024w, https:\/\/b2c.fairs.vn\/wp-content\/uploads\/2024\/03\/1-5-300x158.png 300w, https:\/\/b2c.fairs.vn\/wp-content\/uploads\/2024\/03\/1-5-768x405.png 768w, https:\/\/b2c.fairs.vn\/wp-content\/uploads\/2024\/03\/1-5-1536x810.png 1536w, https:\/\/b2c.fairs.vn\/wp-content\/uploads\/2024\/03\/1-5-18x9.png 18w, https:\/\/b2c.fairs.vn\/wp-content\/uploads\/2024\/03\/1-5-1320x696.png 1320w, https:\/\/b2c.fairs.vn\/wp-content\/uploads\/2024\/03\/1-5-1200x633.png 1200w, https:\/\/b2c.fairs.vn\/wp-content\/uploads\/2024\/03\/1-5-150x79.png 150w, https:\/\/b2c.fairs.vn\/wp-content\/uploads\/2024\/03\/1-5.png 2048w\" \/><\/a><\/figure><div class=\"elementor-image-box-content\"><h3 class=\"elementor-image-box-title\"><a href=\"https:\/\/b2b.fairs.vn\/vi\/company\/hop-tac-xa-che-hao-dat.2244906\/3d\">Showroom - Nh\u00e0 m\u00e1y<\/a><\/h3><p class=\"elementor-image-box-description\">Kh\u00e1ch h\u00e0ng ng\u00e0y c\u00e0ng kh\u1eaft khe h\u01a1n khi mong mu\u1ed1n c\u00e1c showroom ph\u1ea3i c\u00f3 kh\u00f4ng gian b\u1eaft m\u1eaft, \u0111\u1ed9c \u0111\u00e1o v\u00e0 thu\u1eadn ti\u1ec7n mua s\u1eafm?<\/p><\/div><\/div>\t\t<\/div>\n\t\t\t\t<\/div>\n\t\t\t\t\t<\/div>\n\t\t\t\t<\/div>\n\t\t<div class=\"wd-negative-gap elementor-element elementor-element-c8265c5 e-flex e-con-boxed e-con e-child\" data-id=\"c8265c5\" data-element_type=\"container\">\n\t\t\t\t\t<div class=\"e-con-inner\">\n\t\t\t\t<div class=\"elementor-element elementor-element-5cf09e2 elementor-position-top elementor-widget elementor-widget-image-box\" data-id=\"5cf09e2\" data-element_type=\"widget\" data-widget_type=\"image-box.default\">\n\t\t\t\t<div class=\"elementor-widget-container\">\n\t\t\t<div class=\"elementor-image-box-wrapper\"><figure class=\"elementor-image-box-img\"><a href=\"https:\/\/anphat1.piv.asia\/\" tabindex=\"-1\"><img decoding=\"async\" width=\"1024\" height=\"571\" src=\"https:\/\/b2c.fairs.vn\/wp-content\/themes\/woodmart\/images\/lazy.png\" class=\"attachment-large size-large wp-image-11456 wd-lazy-load wd-lazy-fade\" alt=\"\" data-wood-src=\"https:\/\/b2c.fairs.vn\/wp-content\/uploads\/2024\/03\/2-5-1024x571.png\" data-srcset=\"https:\/\/b2c.fairs.vn\/wp-content\/uploads\/2024\/03\/2-5-1024x571.png 1024w, https:\/\/b2c.fairs.vn\/wp-content\/uploads\/2024\/03\/2-5-300x167.png 300w, https:\/\/b2c.fairs.vn\/wp-content\/uploads\/2024\/03\/2-5-768x428.png 768w, https:\/\/b2c.fairs.vn\/wp-content\/uploads\/2024\/03\/2-5-1536x857.png 1536w, https:\/\/b2c.fairs.vn\/wp-content\/uploads\/2024\/03\/2-5-18x10.png 18w, https:\/\/b2c.fairs.vn\/wp-content\/uploads\/2024\/03\/2-5-1320x736.png 1320w, https:\/\/b2c.fairs.vn\/wp-content\/uploads\/2024\/03\/2-5-1200x669.png 1200w, https:\/\/b2c.fairs.vn\/wp-content\/uploads\/2024\/03\/2-5-150x84.png 150w, https:\/\/b2c.fairs.vn\/wp-content\/uploads\/2024\/03\/2-5.png 2048w\" \/><\/a><\/figure><div class=\"elementor-image-box-content\"><h3 class=\"elementor-image-box-title\"><a href=\"https:\/\/anphat1.piv.asia\/\">B\u1ea5t \u0111\u1ed9ng s\u1ea3n<\/a><\/h3><p class=\"elementor-image-box-description\">S\u1ef1 c\u1ea1nh tranh kh\u1ed1c li\u1ec7t trong ng\u00e0nh b\u1ea5t \u0111\u1ed9ng s\u1ea3n \u0111\u00f2i h\u1ecfi ch\u1ee7 \u0111\u1ea7u t\u01b0 c\u1ea7n c\u00f3 ph\u01b0\u01a1ng \u00e1n Marketing hi\u1ec7u qu\u1ea3, kh\u00e1c bi\u1ec7t nh\u01b0ng v\u1eabn ph\u1ea3i ti\u1ebft ki\u1ec7m chi ph\u00ed?<\/p><\/div><\/div>\t\t<\/div>\n\t\t\t\t<\/div>\n\t\t\t\t\t<\/div>\n\t\t\t\t<\/div>\n\t\t\t\t\t<\/div>\n\t\t\t\t<\/div>\n\t\t<div class=\"wd-negative-gap elementor-element elementor-element-0cb01b4 e-flex e-con-boxed e-con e-child\" data-id=\"0cb01b4\" data-element_type=\"container\">\n\t\t\t\t\t<div class=\"e-con-inner\">\n\t\t<div class=\"wd-negative-gap elementor-element elementor-element-9e15f7f e-flex e-con-boxed e-con e-child\" data-id=\"9e15f7f\" data-element_type=\"container\">\n\t\t\t\t\t<div class=\"e-con-inner\">\n\t\t\t\t<div class=\"elementor-element elementor-element-5e991d3 elementor-position-top elementor-widget elementor-widget-image-box\" data-id=\"5e991d3\" data-element_type=\"widget\" data-widget_type=\"image-box.default\">\n\t\t\t\t<div class=\"elementor-widget-container\">\n\t\t\t<div class=\"elementor-image-box-wrapper\"><figure class=\"elementor-image-box-img\"><a href=\"https:\/\/expo2023.fairs.vn\/\" tabindex=\"-1\"><img decoding=\"async\" width=\"1024\" height=\"564\" src=\"https:\/\/b2c.fairs.vn\/wp-content\/themes\/woodmart\/images\/lazy.png\" class=\"attachment-large size-large wp-image-11455 wd-lazy-load wd-lazy-fade\" alt=\"\" data-wood-src=\"https:\/\/b2c.fairs.vn\/wp-content\/uploads\/2024\/03\/3-4-1024x564.png\" data-srcset=\"https:\/\/b2c.fairs.vn\/wp-content\/uploads\/2024\/03\/3-4-1024x564.png 1024w, https:\/\/b2c.fairs.vn\/wp-content\/uploads\/2024\/03\/3-4-300x165.png 300w, https:\/\/b2c.fairs.vn\/wp-content\/uploads\/2024\/03\/3-4-768x423.png 768w, https:\/\/b2c.fairs.vn\/wp-content\/uploads\/2024\/03\/3-4-1536x846.png 1536w, https:\/\/b2c.fairs.vn\/wp-content\/uploads\/2024\/03\/3-4-18x10.png 18w, https:\/\/b2c.fairs.vn\/wp-content\/uploads\/2024\/03\/3-4-1320x727.png 1320w, https:\/\/b2c.fairs.vn\/wp-content\/uploads\/2024\/03\/3-4-1200x661.png 1200w, https:\/\/b2c.fairs.vn\/wp-content\/uploads\/2024\/03\/3-4-150x83.png 150w, https:\/\/b2c.fairs.vn\/wp-content\/uploads\/2024\/03\/3-4.png 1682w\" \/><\/a><\/figure><div class=\"elementor-image-box-content\"><h3 class=\"elementor-image-box-title\"><a href=\"https:\/\/expo2023.fairs.vn\/\">H\u1ed9i ch\u1ee3 - Tri\u1ec3n l\u00e3m<\/a><\/h3><p class=\"elementor-image-box-description\">B\u00f9ng ph\u00e1t d\u1ecbch b\u1ec7nh Covid-19 \u0111\u00e3 l\u00e0m \u1ea3nh h\u01b0\u1edfng nghi\u00eam tr\u1ecdng \u0111\u1ebfn c\u00e1c ho\u1ea1t \u0111\u1ed9ng giao th\u01b0\u01a1ng gi\u1eefa doanh nghi\u1ec7p?<\/p><\/div><\/div>\t\t<\/div>\n\t\t\t\t<\/div>\n\t\t\t\t\t<\/div>\n\t\t\t\t<\/div>\n\t\t<div class=\"wd-negative-gap elementor-element elementor-element-efbb572 e-flex e-con-boxed e-con e-child\" data-id=\"efbb572\" data-element_type=\"container\">\n\t\t\t\t\t<div class=\"e-con-inner\">\n\t\t\t\t<div class=\"elementor-element elementor-element-11a74d4 elementor-position-top elementor-widget elementor-widget-image-box\" data-id=\"11a74d4\" data-element_type=\"widget\" data-widget_type=\"image-box.default\">\n\t\t\t\t<div class=\"elementor-widget-container\">\n\t\t\t<div class=\"elementor-image-box-wrapper\"><figure class=\"elementor-image-box-img\"><a href=\"http:\/\/gombattrang.fairs.vn\" tabindex=\"-1\"><img loading=\"lazy\" decoding=\"async\" width=\"1024\" height=\"570\" src=\"https:\/\/b2c.fairs.vn\/wp-content\/themes\/woodmart\/images\/lazy.png\" class=\"attachment-large size-large wp-image-11454 wd-lazy-load wd-lazy-fade\" alt=\"\" data-wood-src=\"https:\/\/b2c.fairs.vn\/wp-content\/uploads\/2024\/03\/4-7-1024x570.png\" data-srcset=\"https:\/\/b2c.fairs.vn\/wp-content\/uploads\/2024\/03\/4-7-1024x570.png 1024w, https:\/\/b2c.fairs.vn\/wp-content\/uploads\/2024\/03\/4-7-300x167.png 300w, https:\/\/b2c.fairs.vn\/wp-content\/uploads\/2024\/03\/4-7-768x427.png 768w, https:\/\/b2c.fairs.vn\/wp-content\/uploads\/2024\/03\/4-7-1536x854.png 1536w, https:\/\/b2c.fairs.vn\/wp-content\/uploads\/2024\/03\/4-7-18x10.png 18w, https:\/\/b2c.fairs.vn\/wp-content\/uploads\/2024\/03\/4-7-1320x734.png 1320w, https:\/\/b2c.fairs.vn\/wp-content\/uploads\/2024\/03\/4-7-1200x667.png 1200w, https:\/\/b2c.fairs.vn\/wp-content\/uploads\/2024\/03\/4-7-150x83.png 150w, https:\/\/b2c.fairs.vn\/wp-content\/uploads\/2024\/03\/4-7.png 2048w\" \/><\/a><\/figure><div class=\"elementor-image-box-content\"><h3 class=\"elementor-image-box-title\"><a href=\"http:\/\/gombattrang.fairs.vn\">Khu Du l\u1ecbch - B\u1ea3o t\u00e0ng<\/a><\/h3><p class=\"elementor-image-box-description\">Khu du l\u1ecbch\/ B\u1ea3o t\u00e0ng \u0111\u00f2i h\u1ecfi ph\u1ea3i t\u1ea1o ra tr\u1ea3i nghi\u1ec7m v\u1ec1 th\u1ecb gi\u00e1c c\u00f3 ch\u1ea5t l\u01b0\u1ee3ng nh\u1eb1m thu h\u00fat s\u1ef1 ch\u00fa \u00fd c\u1ee7a du kh\u00e1ch, t\u1eeb \u0111\u00f3 k\u00e9o \u0111\u00f4ng \u0111\u1ea3o l\u01b0\u1ee3ng kh\u00e1ch \u0111\u1ebfn tham quan. V\u1edbi c\u00e1c gi\u1ea3i ph\u00e1p Marketing b\u1eb1ng c\u00f4ng ngh\u1ec7 s\u1ebd h\u1ed7 tr\u1ee3 b\u1ea1n ph\u00f4 b\u00e0y \u0111\u01b0\u1ee3c c\u00e1c \u0111i\u1ec3m \u0111\u1eb7c s\u1eafc nh\u1ea5t.<\/p><\/div><\/div>\t\t<\/div>\n\t\t\t\t<\/div>\n\t\t\t\t\t<\/div>\n\t\t\t\t<\/div>\n\t\t\t\t\t<\/div>\n\t\t\t\t<\/div>\n\t\t\t\t\t<\/div>\n\t\t\t\t<\/div>\n\t\t<div class=\"wd-negative-gap elementor-element elementor-element-55ceeef e-flex e-con-boxed e-con e-parent\" data-id=\"55ceeef\" data-element_type=\"container\">\n\t\t\t\t\t<div class=\"e-con-inner\">\n\t\t\t\t<div class=\"elementor-element elementor-element-9fd030f wd-width-100 elementor-widget elementor-widget-wd_title\" data-id=\"9fd030f\" data-element_type=\"widget\" data-widget_type=\"wd_title.default\">\n\t\t\t\t<div class=\"elementor-widget-container\">\n\t\t\t\t\t<div class=\"title-wrapper set-mb-s reset-last-child wd-title-color-default wd-title-style-default wd-title-size-large text-center\">\n\n\t\t\t\n\t\t\t<div class=\"liner-continer\">\n\t\t\t\t<h4 class=\"woodmart-title-container title wd-fontsize-xxl\">D\u1ecbch v\u1ee5 c\u1ee7a ch\u00fang t\u00f4i<\/h4> \n\t\t\t\t\t\t\t<\/div>\n\n\t\t\t\t\t<\/div>\n\t\t\t\t<\/div>\n\t\t\t\t<\/div>\n\t\t<div class=\"elementor-element elementor-element-b6582e0 e-con-full e-flex e-con e-child\" data-id=\"b6582e0\" data-element_type=\"container\">\n\t\t\t\t<div class=\"elementor-element elementor-element-c2b32dd elementor-widget__width-initial elementor-widget elementor-widget-wd_infobox\" data-id=\"c2b32dd\" data-element_type=\"widget\" data-widget_type=\"wd_infobox.default\">\n\t\t\t\t<div class=\"elementor-widget-container\">\n\t\t\t\t\t<div class=\"info-box-wrapper\">\n\t\t\t<div class=\"wd-info-box text-center box-icon-align-top box-style-base color-scheme-\">\n\t\t\t\t\t\t\t\t\t<div class=\"box-icon-wrapper  box-with-icon box-icon-simple\">\n\t\t\t\t\t\t<div class=\"info-box-icon\">\n\t\t\t\t\t\t\t\t\t\t\t\t\t\t\t<img loading=\"lazy\" decoding=\"async\" width=\"500\" height=\"500\" src=\"https:\/\/b2c.fairs.vn\/wp-content\/themes\/woodmart\/images\/lazy.png\" class=\"attachment-large size-large wd-lazy-load wd-lazy-fade\" alt=\"\" srcset=\"\" sizes=\"(max-width: 500px) 100vw, 500px\" data-wood-src=\"https:\/\/b2c.fairs.vn\/wp-content\/uploads\/2024\/03\/18.png\" data-srcset=\"https:\/\/b2c.fairs.vn\/wp-content\/uploads\/2024\/03\/18.png 500w, https:\/\/b2c.fairs.vn\/wp-content\/uploads\/2024\/03\/18-300x300.png 300w, https:\/\/b2c.fairs.vn\/wp-content\/uploads\/2024\/03\/18-150x150.png 150w\" \/>\t\t\t\t\t\t\t\t\t\t\t\t\t<\/div>\n\t\t\t\t\t<\/div>\n\t\t\t\t\n\t\t\t\t<div class=\"info-box-content\">\n\t\t\t\t\t\n\t\t\t\t\t\t\t\t\t\t\t<h4\t\t\t\t\t\tclass=\"info-box-title title box-title-style-default wd-fontsize-xl\" data-elementor-setting-key=\"title\">\n\t\t\t\t\t\t\t\tM\u00f4 h\u00ecnh 3D s\u1ea3n ph\u1ea9m\t\t\t\t\t\t<\/h4>\n\t\t\t\t\t\n\t\t\t\t\t<div class=\"info-box-inner set-cont-mb-s reset-last-child\"data-elementor-setting-key=\"content\"><\/div>\n\n\t\t\t\t\t\t\t\t\t<\/div>\n\n\t\t\t\t\t\t\t\t\t<a href=\"#\" class=\"wd-info-box-link wd-fill\" aria-label=\"Infobox link\"><\/a>\n\t\t\t\t\t\t\t<\/div>\n\t\t<\/div>\n\t\t\t\t<\/div>\n\t\t\t\t<\/div>\n\t\t\t\t<div class=\"elementor-element elementor-element-b8f21bc elementor-widget__width-initial elementor-widget elementor-widget-wd_infobox\" data-id=\"b8f21bc\" data-element_type=\"widget\" data-widget_type=\"wd_infobox.default\">\n\t\t\t\t<div class=\"elementor-widget-container\">\n\t\t\t\t\t<div class=\"info-box-wrapper\">\n\t\t\t<div class=\"wd-info-box text-center box-icon-align-top box-style-base color-scheme-\">\n\t\t\t\t\t\t\t\t\t<div class=\"box-icon-wrapper  box-with-icon box-icon-simple\">\n\t\t\t\t\t\t<div class=\"info-box-icon\">\n\t\t\t\t\t\t\t\t\t\t\t\t\t\t\t<img loading=\"lazy\" decoding=\"async\" width=\"300\" height=\"300\" src=\"https:\/\/b2c.fairs.vn\/wp-content\/themes\/woodmart\/images\/lazy.png\" class=\"attachment-medium size-medium wd-lazy-load wd-lazy-fade\" alt=\"\" srcset=\"\" sizes=\"(max-width: 300px) 100vw, 300px\" data-wood-src=\"https:\/\/b2c.fairs.vn\/wp-content\/uploads\/2024\/03\/20-300x300.png\" data-srcset=\"https:\/\/b2c.fairs.vn\/wp-content\/uploads\/2024\/03\/20-300x300.png 300w, https:\/\/b2c.fairs.vn\/wp-content\/uploads\/2024\/03\/20-150x150.png 150w, https:\/\/b2c.fairs.vn\/wp-content\/uploads\/2024\/03\/20.png 500w\" \/>\t\t\t\t\t\t\t\t\t\t\t\t\t<\/div>\n\t\t\t\t\t<\/div>\n\t\t\t\t\n\t\t\t\t<div class=\"info-box-content\">\n\t\t\t\t\t\n\t\t\t\t\t\t\t\t\t\t\t<h4\t\t\t\t\t\tclass=\"info-box-title title box-title-style-default wd-fontsize-xl\" data-elementor-setting-key=\"title\">\n\t\t\t\t\t\t\t\tWeb 3D - 3D Tour\t\t\t\t\t\t<\/h4>\n\t\t\t\t\t\n\t\t\t\t\t<div class=\"info-box-inner set-cont-mb-s reset-last-child\"data-elementor-setting-key=\"content\"><\/div>\n\n\t\t\t\t\t\t\t\t\t<\/div>\n\n\t\t\t\t\t\t\t\t\t<a href=\"#\" class=\"wd-info-box-link wd-fill\" aria-label=\"Infobox link\"><\/a>\n\t\t\t\t\t\t\t<\/div>\n\t\t<\/div>\n\t\t\t\t<\/div>\n\t\t\t\t<\/div>\n\t\t\t\t<div class=\"elementor-element elementor-element-e6db433 elementor-widget__width-initial elementor-widget elementor-widget-wd_infobox\" data-id=\"e6db433\" data-element_type=\"widget\" data-widget_type=\"wd_infobox.default\">\n\t\t\t\t<div class=\"elementor-widget-container\">\n\t\t\t\t\t<div class=\"info-box-wrapper\">\n\t\t\t<div class=\"wd-info-box text-center box-icon-align-top box-style-base color-scheme-\">\n\t\t\t\t\t\t\t\t\t<div class=\"box-icon-wrapper  box-with-icon box-icon-simple\">\n\t\t\t\t\t\t<div class=\"info-box-icon\">\n\t\t\t\t\t\t\t\t\t\t\t\t\t\t\t<img loading=\"lazy\" decoding=\"async\" width=\"500\" height=\"500\" src=\"https:\/\/b2c.fairs.vn\/wp-content\/themes\/woodmart\/images\/lazy.png\" class=\"attachment-large size-large wd-lazy-load wd-lazy-fade\" alt=\"\" srcset=\"\" sizes=\"(max-width: 500px) 100vw, 500px\" data-wood-src=\"https:\/\/b2c.fairs.vn\/wp-content\/uploads\/2024\/03\/19.png\" data-srcset=\"https:\/\/b2c.fairs.vn\/wp-content\/uploads\/2024\/03\/19.png 500w, https:\/\/b2c.fairs.vn\/wp-content\/uploads\/2024\/03\/19-300x300.png 300w, https:\/\/b2c.fairs.vn\/wp-content\/uploads\/2024\/03\/19-150x150.png 150w\" \/>\t\t\t\t\t\t\t\t\t\t\t\t\t<\/div>\n\t\t\t\t\t<\/div>\n\t\t\t\t\n\t\t\t\t<div class=\"info-box-content\">\n\t\t\t\t\t\n\t\t\t\t\t\t\t\t\t\t\t<h4\t\t\t\t\t\tclass=\"info-box-title title box-title-style-default wd-fontsize-xl\" data-elementor-setting-key=\"title\">\n\t\t\t\t\t\t\t\tTri\u1ec3n l\u00e3m, H\u1ed9i ch\u1ee3 3D\t\t\t\t\t\t<\/h4>\n\t\t\t\t\t\n\t\t\t\t\t<div class=\"info-box-inner set-cont-mb-s reset-last-child\"data-elementor-setting-key=\"content\"><\/div>\n\n\t\t\t\t\t\t\t\t\t<\/div>\n\n\t\t\t\t\t\t\t\t\t<a href=\"#\" class=\"wd-info-box-link wd-fill\" aria-label=\"Infobox link\"><\/a>\n\t\t\t\t\t\t\t<\/div>\n\t\t<\/div>\n\t\t\t\t<\/div>\n\t\t\t\t<\/div>\n\t\t\t\t<\/div>\n\t\t\t\t\t<\/div>\n\t\t\t\t<\/div>\n\t\t\t\t<\/div>","protected":false},"excerpt":{"rendered":"<p>D\u1ecbch v\u1ee5 c\u1ee7a ch\u00fang t\u00f4i Cung c\u1ea5p gi\u1ea3i ph\u00e1p C\u00f4ng ngh\u1ec7 th\u1ef1c t\u1ebf \u1ea3o S\u1ea3n ph\u1ea9m 3D mang \u0111\u1ebfn tr\u1ea3i<\/p>","protected":false},"author":1,"featured_media":0,"parent":0,"menu_order":0,"comment_status":"closed","ping_status":"closed","template":"","meta":{"_acf_changed":false,"footnotes":""},"class_list":["post-287","page","type-page","status-publish","hentry"],"acf":[],"_links":{"self":[{"href":"https:\/\/b2c.fairs.vn\/en\/wp-json\/wp\/v2\/pages\/287","targetHints":{"allow":["GET"]}}],"collection":[{"href":"https:\/\/b2c.fairs.vn\/en\/wp-json\/wp\/v2\/pages"}],"about":[{"href":"https:\/\/b2c.fairs.vn\/en\/wp-json\/wp\/v2\/types\/page"}],"author":[{"embeddable":true,"href":"https:\/\/b2c.fairs.vn\/en\/wp-json\/wp\/v2\/users\/1"}],"replies":[{"embeddable":true,"href":"https:\/\/b2c.fairs.vn\/en\/wp-json\/wp\/v2\/comments?post=287"}],"version-history":[{"count":0,"href":"https:\/\/b2c.fairs.vn\/en\/wp-json\/wp\/v2\/pages\/287\/revisions"}],"wp:attachment":[{"href":"https:\/\/b2c.fairs.vn\/en\/wp-json\/wp\/v2\/media?parent=287"}],"curies":[{"name":"wp","href":"https:\/\/api.w.org\/{rel}","templated":true}]}}