{"id":285,"date":"2022-05-23T11:11:12","date_gmt":"2022-05-23T11:11:12","guid":{"rendered":"http:\/\/dummy.xtemos.com\/woodmart2\/megamarket-elementor\/?page_id=285"},"modified":"2024-04-12T14:20:57","modified_gmt":"2024-04-12T07:20:57","slug":"promotions","status":"publish","type":"page","link":"https:\/\/b2c.fairs.vn\/en\/promotions\/","title":{"rendered":"Promotions"},"content":{"rendered":"<div data-elementor-type=\"wp-page\" data-elementor-id=\"285\" class=\"elementor elementor-285\" data-elementor-post-type=\"page\">\n\t\t\t\t<div class=\"wd-negative-gap elementor-element elementor-element-638aa19 e-flex e-con-boxed e-con e-parent\" data-id=\"638aa19\" data-element_type=\"container\">\n\t\t\t\t\t<div class=\"e-con-inner\">\n\t\t\t\t<div class=\"elementor-element elementor-element-ffdcf7e wd-width-100 elementor-widget elementor-widget-wd_title\" data-id=\"ffdcf7e\" data-element_type=\"widget\" data-widget_type=\"wd_title.default\">\n\t\t\t\t<div class=\"elementor-widget-container\">\n\t\t\t\t\t<div class=\"title-wrapper set-mb-s reset-last-child wd-title-color-default wd-title-style-default wd-title-size-large text-left\">\n\n\t\t\t\n\t\t\t<div class=\"liner-continer\">\n\t\t\t\t<h4 class=\"woodmart-title-container title wd-fontsize-xxl\">Khuy\u1ebfn m\u1ea1i<\/h4> \n\t\t\t\t\t\t\t<\/div>\n\n\t\t\t\t\t<\/div>\n\t\t\t\t<\/div>\n\t\t\t\t<\/div>\n\t\t<div class=\"elementor-element elementor-element-201aa16 e-con-full e-flex e-con e-child\" data-id=\"201aa16\" data-element_type=\"container\">\n\t\t<div class=\"elementor-element elementor-element-8201b8b e-con-full e-flex e-con e-child\" data-id=\"8201b8b\" data-element_type=\"container\">\n\t\t\t\t<div class=\"elementor-element elementor-element-d8afccf elementor-widget elementor-widget-wd_banner\" data-id=\"d8afccf\" data-element_type=\"widget\" data-widget_type=\"wd_banner.default\">\n\t\t\t\t<div class=\"elementor-widget-container\">\n\t\t\t\t\t<div class=\"promo-banner-wrapper\">\n\t\t\t<div class=\"promo-banner banner-mask banner-hover-zoom color-scheme-light banner-btn-size-default banner-btn-style-default with-btn banner-btn-position-static wd-with-link\">\n\t\t\t\t<div class=\"main-wrapp-img\">\n\t\t\t\t\t<div class=\"banner-image\">\n\t\t\t\t\t\t\t\t\t\t\t\t\t\t\t\t\t\t\t\t\t<img fetchpriority=\"high\" decoding=\"async\" width=\"2048\" height=\"1304\" src=\"https:\/\/b2c.fairs.vn\/wp-content\/themes\/woodmart\/images\/lazy.png\" class=\"attachment-full size-full wd-lazy-load wd-lazy-fade\" alt=\"\" srcset=\"\" sizes=\"(max-width: 2048px) 100vw, 2048px\" data-wood-src=\"https:\/\/b2c.fairs.vn\/wp-content\/uploads\/2024\/04\/hoa-v.jpeg\" data-srcset=\"https:\/\/b2c.fairs.vn\/wp-content\/uploads\/2024\/04\/hoa-v.jpeg 2048w, https:\/\/b2c.fairs.vn\/wp-content\/uploads\/2024\/04\/hoa-v-300x191.jpeg 300w, https:\/\/b2c.fairs.vn\/wp-content\/uploads\/2024\/04\/hoa-v-1024x652.jpeg 1024w, https:\/\/b2c.fairs.vn\/wp-content\/uploads\/2024\/04\/hoa-v-768x489.jpeg 768w, https:\/\/b2c.fairs.vn\/wp-content\/uploads\/2024\/04\/hoa-v-1536x978.jpeg 1536w, https:\/\/b2c.fairs.vn\/wp-content\/uploads\/2024\/04\/hoa-v-18x12.jpeg 18w, https:\/\/b2c.fairs.vn\/wp-content\/uploads\/2024\/04\/hoa-v-1320x840.jpeg 1320w, https:\/\/b2c.fairs.vn\/wp-content\/uploads\/2024\/04\/hoa-v-1200x764.jpeg 1200w, https:\/\/b2c.fairs.vn\/wp-content\/uploads\/2024\/04\/hoa-v-150x96.jpeg 150w\" \/>\t\t\t\t\t\t\t\t\t\t\t\t\t\t\t\t\t\t<\/div>\n\t\t\t\t<\/div>\n\n\t\t\t\t<div class=\"wrapper-content-banner wd-fill wd-items-bottom wd-justify-left\">\n\t\t\t\t\t<div class=\"content-banner  text-left\">\n\t\t\t\t\t\t\n\t\t\t\t\t\t\t\t\t\t\t\t\t<h4 class=\"banner-title wd-fontsize-l\" data-elementor-setting-key=\"title\">\n\t\t\t\t\t\t\t\tTr\u00e0 hoa v\u00e0ng\t\t\t\t\t\t\t<\/h4>\n\t\t\t\t\t\t\n\t\t\t\t\t\t\t\t\t\t\t\t\t<div class=\"banner-inner set-cont-mb-s reset-last-child wd-fontsize-xs\" data-elementor-setting-key=\"content\">\n\t\t\t\t\t\t\t\t<p>C\u00f4ng ty TNHH D\u01b0\u1ee3c li\u1ec7u V\u0169 Gia<\/p>\n\t\t\t\t\t\t\t<\/div>\n\t\t\t\t\t\t\n\t\t\t\t\t\t\n\t\t\t\t\t\t\t\t\t\t\t\t\t<div class=\"banner-btn-wrapper\">\n\t\t\t\t\t\t\t\t\t\t<div class=\"wd-button-wrapper text-left\" >\n\t\t\t<a class=\"btn btn-style-default btn-style-rectangle btn-size-default btn-color-primary btn-icon-pos-right\"  href=\"https:\/\/b2c.fairs.vn\/en\/manufacturer\/cng-ty-tnhh-dc-liu-v-gia\/\" target=\"_blank\">\n\t\t\t\t<span class=\"wd-btn-text\" data-elementor-setting-key=\"text\">\n\t\t\t\t\tXem th\u00eam\t\t\t\t<\/span>\n\n\t\t\t\t\t\t\t<\/a>\n\t\t<\/div>\n\t\t\t\t\t\t\t\t\t<\/div>\n\t\t\t\t\t\t\t\t\t\t\t<\/div>\n\t\t\t\t<\/div>\n\n\t\t\t\t\t\t\t\t\t<a href=\"https:\/\/b2c.fairs.vn\/en\/manufacturer\/cng-ty-tnhh-dc-liu-v-gia\/\" target=\"_blank\" class=\"wd-promo-banner-link wd-fill\" aria-label=\"Banner link\"><\/a>\n\t\t\t\t\t\t\t<\/div>\n\t\t<\/div>\n\t\t\t\t<\/div>\n\t\t\t\t<\/div>\n\t\t\t\t<\/div>\n\t\t<div class=\"elementor-element elementor-element-dca88d5 e-con-full e-flex e-con e-child\" data-id=\"dca88d5\" data-element_type=\"container\">\n\t\t\t\t<div class=\"elementor-element elementor-element-9b65a64 elementor-widget elementor-widget-wd_banner\" data-id=\"9b65a64\" data-element_type=\"widget\" data-widget_type=\"wd_banner.default\">\n\t\t\t\t<div class=\"elementor-widget-container\">\n\t\t\t\t\t<div class=\"promo-banner-wrapper\">\n\t\t\t<div class=\"promo-banner banner-mask banner-hover-zoom color-scheme-light banner-btn-size-default banner-btn-style-default with-btn banner-btn-position-static wd-with-link\">\n\t\t\t\t<div class=\"main-wrapp-img\">\n\t\t\t\t\t<div class=\"banner-image\">\n\t\t\t\t\t\t\t\t\t\t\t\t\t\t\t\t\t\t\t\t\t<img decoding=\"async\" width=\"1958\" height=\"745\" src=\"https:\/\/b2c.fairs.vn\/wp-content\/themes\/woodmart\/images\/lazy.png\" class=\"attachment-full size-full wd-lazy-load wd-lazy-fade\" alt=\"\" srcset=\"\" sizes=\"(max-width: 1958px) 100vw, 1958px\" data-wood-src=\"https:\/\/b2c.fairs.vn\/wp-content\/uploads\/2024\/04\/com.jpeg\" data-srcset=\"https:\/\/b2c.fairs.vn\/wp-content\/uploads\/2024\/04\/com.jpeg 1958w, https:\/\/b2c.fairs.vn\/wp-content\/uploads\/2024\/04\/com-300x114.jpeg 300w, https:\/\/b2c.fairs.vn\/wp-content\/uploads\/2024\/04\/com-1024x390.jpeg 1024w, https:\/\/b2c.fairs.vn\/wp-content\/uploads\/2024\/04\/com-768x292.jpeg 768w, https:\/\/b2c.fairs.vn\/wp-content\/uploads\/2024\/04\/com-1536x584.jpeg 1536w, https:\/\/b2c.fairs.vn\/wp-content\/uploads\/2024\/04\/com-18x7.jpeg 18w, https:\/\/b2c.fairs.vn\/wp-content\/uploads\/2024\/04\/com-1320x502.jpeg 1320w, https:\/\/b2c.fairs.vn\/wp-content\/uploads\/2024\/04\/com-1200x457.jpeg 1200w, https:\/\/b2c.fairs.vn\/wp-content\/uploads\/2024\/04\/com-150x57.jpeg 150w\" \/>\t\t\t\t\t\t\t\t\t\t\t\t\t\t\t\t\t\t<\/div>\n\t\t\t\t<\/div>\n\n\t\t\t\t<div class=\"wrapper-content-banner wd-fill wd-items-bottom wd-justify-left\">\n\t\t\t\t\t<div class=\"content-banner  text-left\">\n\t\t\t\t\t\t\n\t\t\t\t\t\t\t\t\t\t\t\t\t<h4 class=\"banner-title wd-fontsize-l\" data-elementor-setting-key=\"title\">\n\t\t\t\t\t\t\t\tC\u01a1m ch\u00e1y Ninh B\u00ecnh v\u00e0ng\t\t\t\t\t\t\t<\/h4>\n\t\t\t\t\t\t\n\t\t\t\t\t\t\t\t\t\t\t\t\t<div class=\"banner-inner set-cont-mb-s reset-last-child wd-fontsize-xs\" data-elementor-setting-key=\"content\">\n\t\t\t\t\t\t\t\t<p>C\u00f4ng ty CP SX v\u00e0 TM \u0110\u1ea1i Long<\/p>\n\t\t\t\t\t\t\t<\/div>\n\t\t\t\t\t\t\n\t\t\t\t\t\t\n\t\t\t\t\t\t\t\t\t\t\t\t\t<div class=\"banner-btn-wrapper\">\n\t\t\t\t\t\t\t\t\t\t<div class=\"wd-button-wrapper text-left\" >\n\t\t\t<a class=\"btn btn-style-default btn-style-rectangle btn-size-default btn-color-primary btn-icon-pos-right\"  href=\"https:\/\/b2c.fairs.vn\/en\/manufacturer\/cng-ty-cp-sn-xut-v-thng-mi-i-long\/\" target=\"_blank\">\n\t\t\t\t<span class=\"wd-btn-text\" data-elementor-setting-key=\"text\">\n\t\t\t\t\tXem th\u00eam\t\t\t\t<\/span>\n\n\t\t\t\t\t\t\t<\/a>\n\t\t<\/div>\n\t\t\t\t\t\t\t\t\t<\/div>\n\t\t\t\t\t\t\t\t\t\t\t<\/div>\n\t\t\t\t<\/div>\n\n\t\t\t\t\t\t\t\t\t<a href=\"https:\/\/b2c.fairs.vn\/en\/manufacturer\/cng-ty-cp-sn-xut-v-thng-mi-i-long\/\" target=\"_blank\" class=\"wd-promo-banner-link wd-fill\" aria-label=\"Banner link\"><\/a>\n\t\t\t\t\t\t\t<\/div>\n\t\t<\/div>\n\t\t\t\t<\/div>\n\t\t\t\t<\/div>\n\t\t\t\t<\/div>\n\t\t\t\t<\/div>\n\t\t\t\t\t<\/div>\n\t\t\t\t<\/div>\n\t\t\t\t<\/div>","protected":false},"excerpt":{"rendered":"<p>Khuy\u1ebfn m\u1ea1i Tr\u00e0 hoa v\u00e0ng C\u00f4ng ty TNHH D\u01b0\u1ee3c li\u1ec7u V\u0169 Gia Xem th\u00eam C\u01a1m ch\u00e1y Ninh B\u00ecnh v\u00e0ng C\u00f4ng<\/p>","protected":false},"author":1,"featured_media":0,"parent":0,"menu_order":0,"comment_status":"closed","ping_status":"closed","template":"","meta":{"_acf_changed":false,"footnotes":""},"class_list":["post-285","page","type-page","status-publish","hentry"],"acf":[],"_links":{"self":[{"href":"https:\/\/b2c.fairs.vn\/en\/wp-json\/wp\/v2\/pages\/285","targetHints":{"allow":["GET"]}}],"collection":[{"href":"https:\/\/b2c.fairs.vn\/en\/wp-json\/wp\/v2\/pages"}],"about":[{"href":"https:\/\/b2c.fairs.vn\/en\/wp-json\/wp\/v2\/types\/page"}],"author":[{"embeddable":true,"href":"https:\/\/b2c.fairs.vn\/en\/wp-json\/wp\/v2\/users\/1"}],"replies":[{"embeddable":true,"href":"https:\/\/b2c.fairs.vn\/en\/wp-json\/wp\/v2\/comments?post=285"}],"version-history":[{"count":0,"href":"https:\/\/b2c.fairs.vn\/en\/wp-json\/wp\/v2\/pages\/285\/revisions"}],"wp:attachment":[{"href":"https:\/\/b2c.fairs.vn\/en\/wp-json\/wp\/v2\/media?parent=285"}],"curies":[{"name":"wp","href":"https:\/\/api.w.org\/{rel}","templated":true}]}}