{"id":277,"date":"2022-05-23T11:10:11","date_gmt":"2022-05-23T11:10:11","guid":{"rendered":"http:\/\/dummy.xtemos.com\/woodmart2\/megamarket-elementor\/?page_id=277"},"modified":"2024-04-11T15:52:08","modified_gmt":"2024-04-11T08:52:08","slug":"compare","status":"publish","type":"page","link":"https:\/\/b2c.fairs.vn\/en\/compare\/","title":{"rendered":"So s\u00e1nh s\u1ea3n ph\u1ea9m"},"content":{"rendered":"<p class=\"wd-empty-compare wd-empty-page\">\n\t\t\tCompare list is empty.\t\t<\/p>\n\t\t\t\t\t<div class=\"wd-empty-page-text\">\n\t\t\t\tKh\u00f4ng c\u00f3 s\u1ea3n ph\u1ea9m \u0111\u01b0\u1ee3c th\u00eam v\u00e0o trong danh s\u00e1ch so s\u00e1nh. B\u1ea1n ph\u1ea3i th\u00eam m\u1ed9t s\u1ed1 s\u1ea3n ph\u1ea9m \u0111\u1ec3 so s\u00e1nh ch\u00fang. <br> B\u1ea1n s\u1ebd t\u00ecm th\u1ea5y r\u1ea5t nhi\u1ec1u s\u1ea3n ph\u1ea9m th\u00fa v\u1ecb tr\u00ean trang \"C\u1eeda h\u00e0ng\" c\u1ee7a ch\u00fang t\u00f4i.\t\t\t<\/div>\n\t\t\t\t<p class=\"return-to-shop\">\n\t\t\t<a class=\"button\" href=\"https:\/\/b2c.fairs.vn\/en\/san-pham\/\">\n\t\t\t\tReturn to shop\t\t\t<\/a>\n\t\t<\/p>","protected":false},"excerpt":{"rendered":"","protected":false},"author":1,"featured_media":0,"parent":0,"menu_order":0,"comment_status":"closed","ping_status":"closed","template":"","meta":{"_acf_changed":false,"footnotes":""},"class_list":["post-277","page","type-page","status-publish","hentry"],"acf":[],"_links":{"self":[{"href":"https:\/\/b2c.fairs.vn\/en\/wp-json\/wp\/v2\/pages\/277","targetHints":{"allow":["GET"]}}],"collection":[{"href":"https:\/\/b2c.fairs.vn\/en\/wp-json\/wp\/v2\/pages"}],"about":[{"href":"https:\/\/b2c.fairs.vn\/en\/wp-json\/wp\/v2\/types\/page"}],"author":[{"embeddable":true,"href":"https:\/\/b2c.fairs.vn\/en\/wp-json\/wp\/v2\/users\/1"}],"replies":[{"embeddable":true,"href":"https:\/\/b2c.fairs.vn\/en\/wp-json\/wp\/v2\/comments?post=277"}],"version-history":[{"count":0,"href":"https:\/\/b2c.fairs.vn\/en\/wp-json\/wp\/v2\/pages\/277\/revisions"}],"wp:attachment":[{"href":"https:\/\/b2c.fairs.vn\/en\/wp-json\/wp\/v2\/media?parent=277"}],"curies":[{"name":"wp","href":"https:\/\/api.w.org\/{rel}","templated":true}]}}