{"id":275,"date":"2022-05-23T11:09:46","date_gmt":"2022-05-23T11:09:46","guid":{"rendered":"http:\/\/dummy.xtemos.com\/woodmart2\/megamarket-elementor\/?page_id=275"},"modified":"2024-04-10T15:10:42","modified_gmt":"2024-04-10T08:10:42","slug":"about-us","status":"publish","type":"page","link":"https:\/\/b2c.fairs.vn\/en\/about-us\/","title":{"rendered":"About us"},"content":{"rendered":"<div data-elementor-type=\"wp-page\" data-elementor-id=\"275\" class=\"elementor elementor-275\" data-elementor-post-type=\"page\">\n\t\t\t\t<div class=\"wd-negative-gap elementor-element elementor-element-b9b6a90 e-flex e-con-boxed e-con e-parent\" data-id=\"b9b6a90\" data-element_type=\"container\">\n\t\t\t\t\t<div class=\"e-con-inner\">\n\t\t<div class=\"elementor-element elementor-element-9cbcb1a e-con-full e-flex e-con e-child\" data-id=\"9cbcb1a\" data-element_type=\"container\">\n\t\t\t\t<div class=\"elementor-element elementor-element-27806e0 wd-width-100 elementor-widget elementor-widget-wd_title\" data-id=\"27806e0\" data-element_type=\"widget\" data-widget_type=\"wd_title.default\">\n\t\t\t\t<div class=\"elementor-widget-container\">\n\t\t\t\t\t<div class=\"title-wrapper set-mb-s reset-last-child wd-title-color-default wd-title-style-default wd-title-size-large text-left\">\n\n\t\t\t\n\t\t\t<div class=\"liner-continer\">\n\t\t\t\t<h4 class=\"woodmart-title-container title wd-fontsize-xxl\"><\/h4> \n\t\t\t\t\t\t\t<\/div>\n\n\t\t\t\t\t\t\t<div class=\"title-after_title set-cont-mb-s reset-last-child wd-fontsize-s\">\n\t\t\t\t\t<h2>S\u00e0n th\u01b0\u01a1ng m\u1ea1i \u0111i\u1ec7n t\u1eed Fairs<\/h2>\t\t\t\t<\/div>\n\t\t\t\t\t<\/div>\n\t\t\t\t<\/div>\n\t\t\t\t<\/div>\n\t\t\t\t<div class=\"elementor-element elementor-element-e03ef7d wd-width-100 elementor-widget elementor-widget-wd_title\" data-id=\"e03ef7d\" data-element_type=\"widget\" data-widget_type=\"wd_title.default\">\n\t\t\t\t<div class=\"elementor-widget-container\">\n\t\t\t\t\t<div class=\"title-wrapper set-mb-s reset-last-child wd-title-color-default wd-title-style-default wd-title-size-large text-left\">\n\n\t\t\t\n\t\t\t<div class=\"liner-continer\">\n\t\t\t\t<h4 class=\"woodmart-title-container title wd-fontsize-xxl\">C\u1ea7u n\u1ed1i tr\u1ef1c ti\u1ebfp gi\u1eefa Nh\u00e0 s\u1ea3n xu\u1ea5t v\u00e0 Ng\u01b0\u1eddi ti\u00eau d\u00f9ng<\/h4> \n\t\t\t\t\t\t\t<\/div>\n\n\t\t\t\t\t<\/div>\n\t\t\t\t<\/div>\n\t\t\t\t<\/div>\n\t\t\t\t<\/div>\n\t\t<div class=\"elementor-element elementor-element-3659915 e-con-full e-flex e-con e-child\" data-id=\"3659915\" data-element_type=\"container\">\n\t\t\t\t<div class=\"elementor-element elementor-element-3bc0c55 wd-width-100 elementor-widget elementor-widget-wd_images_gallery\" data-id=\"3bc0c55\" data-element_type=\"widget\" data-widget_type=\"wd_images_gallery.default\">\n\t\t\t\t<div class=\"elementor-widget-container\">\n\t\t\t\t\t<div class=\"wd-images-gallery photoswipe-images\" style=\"--wd-align-items:center; --wd-justify-content:center;\">\n\t\t\t\t\t\t<div class=\"wd-grid-g\" style=\"--wd-col-lg:1;--wd-col-md:1;--wd-col-sm:1;--wd-gap-lg:0px;\" >\n\t\t\t\t\t\t\t\t\t\t\t\t\t\t\t\t\t\t<div class=\"wd-gallery-item wd-col\">\n\t\t\t\t\t\t\t\t\t\t\t\t\t<a  href=\"https:\/\/b2c.fairs.vn\/wp-content\/uploads\/2024\/03\/fiar.png\"data-width=\"1366\" data-height=\"768\" data-index=\"1\" data-elementor-open-lightbox=\"no\">\n\t\t\t\t\t\t\n\t\t\t\t\t\t<img decoding=\"async\" class=\"wd-lazy-load wd-lazy-fade\" src=\"https:\/\/b2c.fairs.vn\/wp-content\/themes\/woodmart\/images\/lazy.png\" data-wood-src=\"https:\/\/b2c.fairs.vn\/wp-content\/uploads\/2024\/03\/fiar.png\"alt=\"\">\n\t\t\t\t\t\t\t\t\t\t\t\t\t<\/a>\n\t\t\t\t\t\t\t\t\t\t\t<\/div>\n\t\t\t\t\t\t\t\t\t\t\t\t\t<\/div>\n\t\t\t\t\t<\/div>\n\t\t\t\t<\/div>\n\t\t\t\t<\/div>\n\t\t\t\t<\/div>\n\t\t\t\t\t<\/div>\n\t\t\t\t<\/div>\n\t\t<div class=\"wd-negative-gap elementor-element elementor-element-1607d10 e-flex e-con-boxed e-con e-parent\" data-id=\"1607d10\" data-element_type=\"container\">\n\t\t\t\t\t<div class=\"e-con-inner\">\n\t\t\t\t<div class=\"elementor-element elementor-element-28a68fa wd-width-100 elementor-widget elementor-widget-wd_title\" data-id=\"28a68fa\" data-element_type=\"widget\" data-widget_type=\"wd_title.default\">\n\t\t\t\t<div class=\"elementor-widget-container\">\n\t\t\t\t\t<div class=\"title-wrapper set-mb-s reset-last-child wd-title-color-gradient wd-title-style-simple wd-title-size-default text-center\">\n\n\t\t\t\n\t\t\t<div class=\"liner-continer\">\n\t\t\t\t<h4 class=\"woodmart-title-container title wd-fontsize-l\">B\u00c1N H\u00c0NG V\u00c0 MUA S\u1eaeM TR\u1ef0C TUY\u1ebeN<\/h4> \n\t\t\t\t\t\t\t<\/div>\n\n\t\t\t\t\t<\/div>\n\t\t\t\t<\/div>\n\t\t\t\t<\/div>\n\t\t\t\t<div class=\"elementor-element elementor-element-1b1d790 wd-width-100 elementor-widget elementor-widget-wd_images_gallery\" data-id=\"1b1d790\" data-element_type=\"widget\" data-widget_type=\"wd_images_gallery.default\">\n\t\t\t\t<div class=\"elementor-widget-container\">\n\t\t\t\t\t<div class=\"wd-images-gallery photoswipe-images\" style=\"--wd-align-items:center; --wd-justify-content:center;\">\n\t\t\t\t\t\t<div class=\"wd-grid-g\" style=\"--wd-col-lg:1;--wd-col-md:1;--wd-col-sm:1;--wd-gap-lg:0px;\" >\n\t\t\t\t\t\t\t\t\t\t\t\t\t\t\t\t\t\t<div class=\"wd-gallery-item wd-col\">\n\t\t\t\t\t\t\t\t\t\t\t\t\t<a  href=\"https:\/\/b2c.fairs.vn\/wp-content\/uploads\/2024\/03\/cc9124da250aed6965ed40e86125bb63.jpg\"data-width=\"563\" data-height=\"339\" data-index=\"1\" data-elementor-open-lightbox=\"no\">\n\t\t\t\t\t\t\n\t\t\t\t\t\t<img decoding=\"async\" class=\"wd-lazy-load wd-lazy-fade\" src=\"https:\/\/b2c.fairs.vn\/wp-content\/themes\/woodmart\/images\/lazy.png\" data-wood-src=\"https:\/\/b2c.fairs.vn\/wp-content\/uploads\/2024\/03\/cc9124da250aed6965ed40e86125bb63.jpg\"alt=\"\">\n\t\t\t\t\t\t\t\t\t\t\t\t\t<\/a>\n\t\t\t\t\t\t\t\t\t\t\t<\/div>\n\t\t\t\t\t\t\t\t\t\t\t\t\t<\/div>\n\t\t\t\t\t<\/div>\n\t\t\t\t<\/div>\n\t\t\t\t<\/div>\n\t\t\t\t<div class=\"elementor-element elementor-element-58e30ab elementor-widget elementor-widget-spacer\" data-id=\"58e30ab\" data-element_type=\"widget\" data-widget_type=\"spacer.default\">\n\t\t\t\t<div class=\"elementor-widget-container\">\n\t\t\t\t\t<div class=\"elementor-spacer\">\n\t\t\t<div class=\"elementor-spacer-inner\"><\/div>\n\t\t<\/div>\n\t\t\t\t<\/div>\n\t\t\t\t<\/div>\n\t\t\t\t\t<\/div>\n\t\t\t\t<\/div>\n\t\t<div class=\"elementor-element elementor-element-1067629 e-grid e-con-full e-con e-parent\" data-id=\"1067629\" data-element_type=\"container\">\n\t\t\t\t<div class=\"elementor-element elementor-element-5eb1b9c text-center color-scheme-inherit elementor-widget elementor-widget-text-editor\" data-id=\"5eb1b9c\" data-element_type=\"widget\" data-widget_type=\"text-editor.default\">\n\t\t\t\t<div class=\"elementor-widget-container\">\n\t\t\t\t\t\t\t<h3 style=\"margin-bottom: 35px; font-style: normal; font-variant-numeric: inherit; font-variant-east-asian: inherit; font-variant-alternates: inherit; font-stretch: inherit; font-size: 20px; line-height: inherit; font-family: Roboto; font-optical-sizing: inherit; font-kerning: inherit; font-feature-settings: inherit; font-variation-settings: inherit; color: #202c4a; background-color: #eff2ff;\">\u0110\u1ed1i v\u1edbi Nh\u00e0 s\u1ea3n xu\u1ea5t<\/h3><p><span style=\"font-weight: 400;\">Ch\u1ec9 <\/span><span style=\"font-weight: 400;\">v\u1edbi v\u00e0i thao t\u00e1c \u0111\u01a1n gi\u1ea3n tr\u00ean trang web Fairs.vn, Nh\u00e0 s\u1ea3n xu\u1ea5t c\u00f3 th\u1ec3 \u0111\u0103ng b\u00e1n c\u00e1c s\u1ea3n ph\u1ea9m c\u1ee7a m\u00ecnh m\u00e0 kh\u00f4ng c\u1ea7n th\u00f4ng qua b\u1ea5t c\u1ee9 trung gian ph\u00e2n ph\u1ed1i n\u00e0o, gi\u00fap ti\u1ebft ki\u1ec7m th\u1eddi gian, chi ph\u00ed v\u00e0 thu\u1eadn l\u1ee3i h\u01a1n trong vi\u1ec7c qu\u1ea3ng b\u00e1 s\u1ea3n ph\u1ea9m, theo d\u00f5i \u0111\u01a1n h\u00e0ng, ch\u0103m s\u00f3c kh\u00e1ch h\u00e0ng tr\u1ef1c ti\u1ebfp. <\/span><span style=\"background-color: #f7f7f7; color: #000000; font-family: Arial; font-size: 18px; font-style: normal; font-variant-ligatures: normal; font-variant-caps: normal; font-weight: 400; text-align: justify;\">\u00a0<\/span><\/p>\t\t\t\t\t\t<\/div>\n\t\t\t\t<\/div>\n\t\t\t\t<div class=\"elementor-element elementor-element-6922511 color-scheme-inherit text-left elementor-widget elementor-widget-text-editor\" data-id=\"6922511\" data-element_type=\"widget\" data-widget_type=\"text-editor.default\">\n\t\t\t\t<div class=\"elementor-widget-container\">\n\t\t\t\t\t\t\t<h3 style=\"margin-bottom: 35px; font-style: normal; font-variant-numeric: inherit; font-variant-east-asian: inherit; font-variant-alternates: inherit; font-stretch: inherit; font-size: 20px; line-height: inherit; font-family: Roboto; font-optical-sizing: inherit; font-kerning: inherit; font-feature-settings: inherit; font-variation-settings: inherit; color: #202c4a; background-color: #eff2ff;\">\u0110\u1ed1i v\u1edbi Ng\u01b0\u1eddi ti\u00eau d\u00f9ng<\/h3><div class=\"wpb_column vc_column_container vc_span4\"><div class=\"vc_column-inner\"><div class=\"wpb_wrapper\"><p><span style=\"font-weight: 400;\">FAIRS kh\u00f4ng ch\u1ec9 cung c\u1ea5p \u0111\u1ea7y \u0111\u1ee7, ch\u00ednh x\u00e1c th\u00f4ng tin v\u1ec1 Nh\u00e0 s\u1ea3n xu\u1ea5t, m\u1eb7t h\u00e0ng thu\u1ed9c nhi\u1ec1u l\u0129nh v\u1ef1c kh\u00e1c nhau m\u00e0 c\u00f2n cho ph\u00e9p ng\u01b0\u1eddi ti\u00eau d\u00f9ng v\u00e0 Nh\u00e0 s\u1ea3n xu\u1ea5t t\u01b0\u01a1ng t\u00e1c, trao \u0111\u1ed5i d\u1ec5 d\u00e0ng qua email, gi\u00fap ng\u01b0\u1eddi ti\u00eau d\u00f9ng hi\u1ec3u r\u00f5 th\u00f4ng tin, ngu\u1ed3n g\u1ed1c xu\u1ea5t x\u1ee9 s\u1ea3n ph\u1ea9m v\u00e0 an t\u00e2m mua s\u1eafm.\u00a0<\/span><\/p><\/div><\/div><\/div>\t\t\t\t\t\t<\/div>\n\t\t\t\t<\/div>\n\t\t\t\t<\/div>\n\t\t<div class=\"wd-negative-gap elementor-element elementor-element-e2c28dd e-flex e-con-boxed e-con e-parent\" data-id=\"e2c28dd\" data-element_type=\"container\">\n\t\t\t\t\t<div class=\"e-con-inner\">\n\t\t\t\t<div class=\"elementor-element elementor-element-4375bb9 elementor-widget elementor-widget-spacer\" data-id=\"4375bb9\" data-element_type=\"widget\" data-widget_type=\"spacer.default\">\n\t\t\t\t<div class=\"elementor-widget-container\">\n\t\t\t\t\t<div class=\"elementor-spacer\">\n\t\t\t<div class=\"elementor-spacer-inner\"><\/div>\n\t\t<\/div>\n\t\t\t\t<\/div>\n\t\t\t\t<\/div>\n\t\t\t\t<div class=\"elementor-element elementor-element-6f19630 wd-width-100 elementor-widget elementor-widget-wd_title\" data-id=\"6f19630\" data-element_type=\"widget\" data-widget_type=\"wd_title.default\">\n\t\t\t\t<div class=\"elementor-widget-container\">\n\t\t\t\t\t<div class=\"title-wrapper set-mb-s reset-last-child wd-title-color-default wd-title-style-default wd-title-size-default text-center\">\n\n\t\t\t\n\t\t\t<div class=\"liner-continer\">\n\t\t\t\t<h4 class=\"woodmart-title-container title wd-fontsize-l\">MUA S\u1eaeM S\u1ea2N PH\u1ea8M VI\u1ec6T NAM CH\u1ea4T L\u01af\u1ee2NG CAO V\u1edaI CHI PH\u00cd T\u1ed0I \u01afU<br \/>\n<\/h4> \n\t\t\t\t\t\t\t<\/div>\n\n\t\t\t\t\t\t\t<div class=\"title-after_title set-cont-mb-s reset-last-child wd-fontsize-xs\">\n\t\t\t\t\t<p><span style=\"font-weight: 400\">V\u1edbi s\u1ee9 m\u1ec7nh qu\u1ea3ng b\u00e1 v\u00e0 th\u00fac \u0111\u1ea9y ng\u01b0\u1eddi ti\u00eau d\u00f9ng s\u1eed d\u1ee5ng h\u00e0ng Vi\u1ec7t Nam, FAIRS ch\u00fa tr\u1ecdng mang l\u1ea1i cho Ng\u01b0\u1eddi ti\u00eau d\u00f9ng nh\u1eefng tr\u1ea3i nghi\u1ec7m ch\u01b0a t\u1eebng c\u00f3 v\u1ec1 m\u1ed9t s\u00e0n th\u01b0\u01a1ng m\u1ea1i \u0111i\u1ec7n t\u1eed. V\u1edbi c\u00e1c s\u1ea3n ph\u1ea9m \u0111\u1ea1t gi\u1ea3i s\u1ea3n ph\u1ea9m c\u00f4ng nghi\u1ec7p n\u00f4ng th\u00f4n ti\u00eau bi\u1ec3u c\u1ea5p Qu\u1ed1c gia, S\u1ea3n ph\u1ea9m OCOP 5 sao v\u00e0 s\u1ea3n ph\u1ea9m l\u00e0ng ngh\u1ec1 Vi\u1ec7t Nam \u0111\u01b0\u1ee3c \u0111\u0103ng t\u1ea3i tr\u1ef1c ti\u1ebfp b\u1edfi Nh\u00e0 s\u1ea3n xu\u1ea5t.<\/span><\/p>\t\t\t\t<\/div>\n\t\t\t\t\t<\/div>\n\t\t\t\t<\/div>\n\t\t\t\t<\/div>\n\t\t\t\t<div class=\"elementor-element elementor-element-029ecc2 elementor-widget elementor-widget-spacer\" data-id=\"029ecc2\" data-element_type=\"widget\" data-widget_type=\"spacer.default\">\n\t\t\t\t<div class=\"elementor-widget-container\">\n\t\t\t\t\t<div class=\"elementor-spacer\">\n\t\t\t<div class=\"elementor-spacer-inner\"><\/div>\n\t\t<\/div>\n\t\t\t\t<\/div>\n\t\t\t\t<\/div>\n\t\t\t\t\t<\/div>\n\t\t\t\t<\/div>\n\t\t<div class=\"elementor-element elementor-element-69169cf e-con-full e-flex e-con e-parent\" data-id=\"69169cf\" data-element_type=\"container\">\n\t\t<div class=\"elementor-element elementor-element-e271fbd e-con-full e-flex e-con e-child\" data-id=\"e271fbd\" data-element_type=\"container\">\n\t\t\t\t<div class=\"elementor-element elementor-element-9667630 wd-width-100 elementor-widget elementor-widget-wd_images_gallery\" data-id=\"9667630\" data-element_type=\"widget\" data-widget_type=\"wd_images_gallery.default\">\n\t\t\t\t<div class=\"elementor-widget-container\">\n\t\t\t\t\t<div class=\"wd-images-gallery photoswipe-images\" style=\"--wd-align-items:center; --wd-justify-content:center;\">\n\t\t\t\t\t\t<div class=\"wd-grid-g\" style=\"--wd-col-lg:1;--wd-col-md:1;--wd-col-sm:1;--wd-gap-lg:0px;\" >\n\t\t\t\t\t\t\t\t\t\t\t\t\t\t\t\t\t\t<div class=\"wd-gallery-item wd-col\">\n\t\t\t\t\t\t\t\t\t\t\t\t\t<a  href=\"https:\/\/b2c.fairs.vn\/wp-content\/uploads\/2024\/03\/3-1.png\"data-width=\"1366\" data-height=\"768\" data-index=\"1\" data-elementor-open-lightbox=\"no\">\n\t\t\t\t\t\t\n\t\t\t\t\t\t<img decoding=\"async\" class=\"wd-lazy-load wd-lazy-fade\" src=\"https:\/\/b2c.fairs.vn\/wp-content\/themes\/woodmart\/images\/lazy.png\" data-wood-src=\"https:\/\/b2c.fairs.vn\/wp-content\/uploads\/2024\/03\/3-1-300x169.png\"alt=\"\">\n\t\t\t\t\t\t\t\t\t\t\t\t\t<\/a>\n\t\t\t\t\t\t\t\t\t\t\t<\/div>\n\t\t\t\t\t\t\t\t\t\t\t\t\t<\/div>\n\t\t\t\t\t<\/div>\n\t\t\t\t<\/div>\n\t\t\t\t<\/div>\n\t\t\t\t<\/div>\n\t\t\t\t<div class=\"elementor-element elementor-element-320d4a0 elementor-widget elementor-widget-wd_text_block\" data-id=\"320d4a0\" data-element_type=\"widget\" data-widget_type=\"wd_text_block.default\">\n\t\t\t\t<div class=\"elementor-widget-container\">\n\t\t\t\t\t<div class=\"wd-text-block reset-last-child text-left\">\n\t\t\t\n\t\t\t<p>\u00a0<\/p><p><span style=\"font-size: 16px; font-weight: 400; text-align: var(--text-align); background-color: var(--wd-main-bgcolor); color: var(--wd-text-color);\">V\u1edbi s\u1ef1 tham gia c\u1ee7a nhi\u1ec1u s\u1ea3n ph\u1ea9m \u0111\u1ea1t gi\u1ea3i th\u01b0\u1edfng, ch\u1ee9ng nh\u1eadn c\u1ea5p khu v\u1ef1c, c\u1ea5p qu\u1ed1c gia \u1edf nhi\u1ec1u l\u0129nh v\u1ef1c kh\u00e1c nhau nh\u01b0 th\u1ef1c ph\u1ea9m, \u0111\u1ed3 u\u1ed1ng, th\u1ee7 c\u00f4ng m\u1ef9 ngh\u1ec7, d\u01b0\u1ee3c li\u1ec7u,... h\u1ee9a h\u1eb9n s\u1ebd mang l\u1ea1i cho ng\u01b0\u1eddi ti\u00eau d\u00f9ng nhi\u1ec1u s\u1ef1 l\u1ef1a ch\u1ecdn ph\u00f9 h\u1ee3p v\u1edbi t\u1eebng nhu c\u1ea7u.\u00a0<\/span><\/p><div><span style=\"font-weight: 400; font-size: 16px;\">\u00a0<\/span><\/div>\n\t\t\t\t\t<\/div>\n\t\t\t\t<\/div>\n\t\t\t\t<\/div>\n\t\t\t\t<\/div>\n\t\t<div class=\"elementor-element elementor-element-9deed79 e-con-full e-flex e-con e-parent\" data-id=\"9deed79\" data-element_type=\"container\">\n\t\t<div class=\"elementor-element elementor-element-f38db4f e-con-full e-flex e-con e-child\" data-id=\"f38db4f\" data-element_type=\"container\">\n\t\t\t\t<div class=\"elementor-element elementor-element-667a9ce elementor-widget elementor-widget-spacer\" data-id=\"667a9ce\" data-element_type=\"widget\" data-widget_type=\"spacer.default\">\n\t\t\t\t<div class=\"elementor-widget-container\">\n\t\t\t\t\t<div class=\"elementor-spacer\">\n\t\t\t<div class=\"elementor-spacer-inner\"><\/div>\n\t\t<\/div>\n\t\t\t\t<\/div>\n\t\t\t\t<\/div>\n\t\t\t\t<div class=\"elementor-element elementor-element-652833d elementor-widget elementor-widget-wd_text_block\" data-id=\"652833d\" data-element_type=\"widget\" data-widget_type=\"wd_text_block.default\">\n\t\t\t\t<div class=\"elementor-widget-container\">\n\t\t\t\t\t<div class=\"wd-text-block reset-last-child text-left\">\n\t\t\t\n\t\t\t<p><b>FAIRS<\/b><span style=\"font-weight: 400;\"> cam k\u1ebft mang l\u1ea1i cho Ng\u01b0\u1eddi ti\u00eau d\u00f9ng nh\u1eefng tr\u1ea3i nghi\u1ec7m mua s\u1eafm tr\u1ef1c tuy\u1ebfn v\u1edbi m\u1ee9c chi ph\u00ed \u01b0u \u0111\u00e3i, s\u1ea3n ph\u1ea9m ch\u1ea5t l\u01b0\u1ee3ng cao. M\u1ecdi th\u00f4ng tin v\u1ec1 Nh\u00e0 s\u1ea3n xu\u1ea5t v\u00e0 ng\u01b0\u1eddi ti\u00eau d\u00f9ng \u0111\u1ec1u \u0111\u01b0\u1ee3c b\u1ea3o m\u1eadt tuy\u1ec7t \u0111\u1ed1i v\u00e0 m\u1ecdi s\u1ea3n ph\u1ea9m tr\u00ean FAIRS \u0111\u1ec1u l\u00e0 nh\u1eefng s\u1ea3n ph\u1ea9m ch\u00ednh h\u00e3ng, \u0111\u1ea7y \u0111\u1ee7 nh\u00e3n m\u00e1c, ch\u1ee9ng nh\u1eadn an to\u00e0n v\u00e0 b\u1ea3o h\u00e0nh t\u1eeb Nh\u00e0 s\u1ea3n xu\u1ea5t.\u00a0<\/span><\/p>\n\t\t\t\t\t<\/div>\n\t\t\t\t<\/div>\n\t\t\t\t<\/div>\n\t\t\t\t<\/div>\n\t\t<div class=\"elementor-element elementor-element-4cf7244 e-con-full e-flex e-con e-child\" data-id=\"4cf7244\" data-element_type=\"container\">\n\t\t\t\t<div class=\"elementor-element elementor-element-a7aa6ed elementor-widget elementor-widget-spacer\" data-id=\"a7aa6ed\" data-element_type=\"widget\" data-widget_type=\"spacer.default\">\n\t\t\t\t<div class=\"elementor-widget-container\">\n\t\t\t\t\t<div class=\"elementor-spacer\">\n\t\t\t<div class=\"elementor-spacer-inner\"><\/div>\n\t\t<\/div>\n\t\t\t\t<\/div>\n\t\t\t\t<\/div>\n\t\t\t\t<div class=\"elementor-element elementor-element-053f875 wd-width-100 elementor-widget elementor-widget-wd_images_gallery\" data-id=\"053f875\" data-element_type=\"widget\" data-widget_type=\"wd_images_gallery.default\">\n\t\t\t\t<div class=\"elementor-widget-container\">\n\t\t\t\t\t<div class=\"wd-images-gallery photoswipe-images\" style=\"--wd-align-items:center; --wd-justify-content:center;\">\n\t\t\t\t\t\t<div class=\"wd-grid-g\" style=\"--wd-col-lg:1;--wd-col-md:1;--wd-col-sm:1;--wd-gap-lg:0px;\" >\n\t\t\t\t\t\t\t\t\t\t\t\t\t\t\t\t\t\t<div class=\"wd-gallery-item wd-col\">\n\t\t\t\t\t\t\t\t\t\t\t\t\t<a  href=\"https:\/\/b2c.fairs.vn\/wp-content\/uploads\/2024\/03\/10.png\"data-width=\"1366\" data-height=\"768\" data-index=\"1\" data-elementor-open-lightbox=\"no\">\n\t\t\t\t\t\t\n\t\t\t\t\t\t<img decoding=\"async\" class=\"wd-lazy-load wd-lazy-fade\" src=\"https:\/\/b2c.fairs.vn\/wp-content\/themes\/woodmart\/images\/lazy.png\" data-wood-src=\"https:\/\/b2c.fairs.vn\/wp-content\/uploads\/2024\/03\/10-300x169.png\"alt=\"\">\n\t\t\t\t\t\t\t\t\t\t\t\t\t<\/a>\n\t\t\t\t\t\t\t\t\t\t\t<\/div>\n\t\t\t\t\t\t\t\t\t\t\t\t\t<\/div>\n\t\t\t\t\t<\/div>\n\t\t\t\t<\/div>\n\t\t\t\t<\/div>\n\t\t\t\t<\/div>\n\t\t\t\t<\/div>\n\t\t\t\t<\/div>","protected":false},"excerpt":{"rendered":"<p>S\u00e0n th\u01b0\u01a1ng m\u1ea1i \u0111i\u1ec7n t\u1eed Fairs C\u1ea7u n\u1ed1i tr\u1ef1c ti\u1ebfp gi\u1eefa Nh\u00e0 s\u1ea3n xu\u1ea5t v\u00e0 Ng\u01b0\u1eddi ti\u00eau d\u00f9ng B\u00c1N H\u00c0NG<\/p>","protected":false},"author":1,"featured_media":0,"parent":0,"menu_order":0,"comment_status":"closed","ping_status":"closed","template":"","meta":{"_acf_changed":false,"footnotes":""},"class_list":["post-275","page","type-page","status-publish","hentry"],"acf":[],"_links":{"self":[{"href":"https:\/\/b2c.fairs.vn\/en\/wp-json\/wp\/v2\/pages\/275","targetHints":{"allow":["GET"]}}],"collection":[{"href":"https:\/\/b2c.fairs.vn\/en\/wp-json\/wp\/v2\/pages"}],"about":[{"href":"https:\/\/b2c.fairs.vn\/en\/wp-json\/wp\/v2\/types\/page"}],"author":[{"embeddable":true,"href":"https:\/\/b2c.fairs.vn\/en\/wp-json\/wp\/v2\/users\/1"}],"replies":[{"embeddable":true,"href":"https:\/\/b2c.fairs.vn\/en\/wp-json\/wp\/v2\/comments?post=275"}],"version-history":[{"count":0,"href":"https:\/\/b2c.fairs.vn\/en\/wp-json\/wp\/v2\/pages\/275\/revisions"}],"wp:attachment":[{"href":"https:\/\/b2c.fairs.vn\/en\/wp-json\/wp\/v2\/media?parent=275"}],"curies":[{"name":"wp","href":"https:\/\/api.w.org\/{rel}","templated":true}]}}